{"id":94,"date":"2021-07-14T15:06:23","date_gmt":"2021-07-14T15:06:23","guid":{"rendered":"https:\/\/edivolt.com\/es\/?page_id=94"},"modified":"2021-07-16T17:29:07","modified_gmt":"2021-07-16T17:29:07","slug":"integracion-de-tarjetas-corporativas","status":"publish","type":"page","link":"https:\/\/edivolt.com\/es\/gastos\/integracion-de-tarjetas-corporativas\/","title":{"rendered":"Integraci\u00f3n de tarjetas corporativas"},"content":{"rendered":"<!-- Header -->\n\n<header>\n<div class=\"container-fluid fondohg mt-5 pt-5\">\n<div class=\"container  main-banner banner-one margenesha\">\n<div class=\"row clearfix\">\n<div class=\"col-12 col-sm-12  col-md-7 col-lg-6 col-xl-6 align-self-center\">\n<h1 class=\"textohp \">Integraci\u00f3n con tarjetas corporativas que permite la conciliaci\u00f3n de tus cargos y gastos.<\/h1>\n<\/div>\n<div class=\"col-12 col-sm-12  col-md-5 col-lg-6 col-xl-6 ali cent-img\"><img decoding=\"async\" class=\"media-object img-fluid imgca\" title=\"Integraci\u00f3n de tarjetas corporativas\" src=\"https:\/\/edivolt.com\/es-mx\/wp-content\/uploads\/sites\/2\/2021\/06\/htarjetas.svg\" alt=\"Tarjetas corporativas\"\/><\/div>\n<\/div>\n<\/div>\n<\/div>\n<\/header><!-- Integraci\u00f3n con bancos -->\n<div class=\"container py-5\">\n<h2 class=\"ta col-12 pb-4 titulohg\">Gracias a nuestras alianzas con <span class=\"titulor farbeG\"> American Express y BBVA<\/span>, tus cargos <span class=\"titulor\">se integran autom\u00e1ticamente<\/span> en Edivolt<\/h2>\n<div class=\"cent-img\"><img decoding=\"async\" class=\"imgib\" title=\"Alianzas con Edivolt\" src=\"https:\/\/edivolt.com\/es-mx\/wp-content\/uploads\/sites\/2\/2021\/06\/integracion-bancos.svg\" alt=\"Bancos con los que Edivolt tiene una alianza\"\/><\/div>\n<div class=\"container pt-5\">\n<p class=\"ta mx-5\">Adem\u00e1s de la integraci\u00f3n autom\u00e1tica con BBVA y American Express, Edivolt soporta la importaci\u00f3n manual de cargos de <span class=\"farbeB\">HSBC, Efectivale, Santander y Edenred.<\/span> Si requieres la integraci\u00f3n con otro banco, cont\u00e1ctanos y lo haremos posible.<\/p>\n\n<\/div>\n<\/div>\n<!-- Verifica que el uso sea para gastos empresariales, evitando fugas de dinero. -->\n<div class=\"container-fluid fondoc\">\n<div class=\"container\">\n<div class=\"row py-5\">\n<div class=\"col-12 col-sm-12 col-md-6 col-lg-6 col-xl-6 align-self-center\">\n<h2 class=\"titulor tl\">Verifica que el uso sea para gastos empresariales,<span class=\"farbeB\"> evitando fugas de dinero<\/span><\/h2>\n<\/div>\n<div class=\"col-12 col-sm-12 col-md-1 col-lg-1 col-xl-1 esp-cor\"><img decoding=\"async\" class=\"cor\" title=\"Corchete\" src=\"https:\/\/edivolt.com\/es-mx\/wp-content\/uploads\/sites\/2\/2021\/06\/corchete.svg\" alt=\"Corchete\"\/><\/div>\n<div class=\"col-12 col-sm-12 col-md-5 col-lg-5 col-xl-5 align-self-center\">\n<div class=\"media\"><img decoding=\"async\" class=\"align-self-start mt-1\" style=\"width: 20px\" title=\"Vi\u00f1eta\" src=\"https:\/\/edivolt.com\/es-mx\/wp-content\/uploads\/sites\/2\/2021\/06\/vineta-2.svg\" alt=\"Vi\u00f1eta\"\/>\n<div class=\"media-body\">\n<p class=\"tcard\"><span class=\"stcardb\">Optimiza<\/span> los reembolsos<\/p>\n\n<\/div>\n<\/div>\n<div class=\"media\"><img decoding=\"async\" class=\"align-self-start mt-1\" style=\"width: 20px\" title=\"Vi\u00f1eta\" src=\"https:\/\/edivolt.com\/es-mx\/wp-content\/uploads\/sites\/2\/2021\/06\/vineta-3.svg\" alt=\"Vi\u00f1eta\"\/>\n<div class=\"media-body\">\n<p class=\"tcard\"><span class=\"stcardy\">Mayor visibilidad<\/span> de los cargos<\/p>\n\n<\/div>\n<\/div>\n<div class=\"media\"><img decoding=\"async\" class=\"align-self-start mt-1\" style=\"width: 20px\" title=\"Vi\u00f1eta\" src=\"https:\/\/edivolt.com\/es-mx\/wp-content\/uploads\/sites\/2\/2021\/06\/vineta-2.svg\" alt=\"Vi\u00f1eta\"\/>\n<div class=\"media-body\">\n<p class=\"tcard\">Comprobaciones <span class=\"stcardb\">m\u00e1s f\u00e1ciles<\/span><\/p>\n\n<\/div>\n<\/div>\n<\/div>\n<\/div>\n<\/div>\n<\/div>\n<!-- Detecta tus movimientos -->\n<div class=\"container\">\n<div class=\"row py-5\">\n<div class=\"col-12 col-sm-12 col-md-5 col-lg-5 col-xl-5 cent-img esp-img\"><img decoding=\"async\" class=\"media-object img-fluid imgca\" title=\"Seguimiento detallado\" src=\"https:\/\/edivolt.com\/es-mx\/wp-content\/uploads\/sites\/2\/2021\/06\/movimientos.svg\" alt=\"Seguimiento detallado\"\/><\/div>\n<div class=\"col-12 col-sm-12 col-md-7 col-lg-7 col-xl-7 align-self-center\">\n<h2 class=\"titulor tl mb-4\">Seguimiento detallado, con un clic<\/h2>\nImporta las transacciones de tus tarjetas autom\u00e1tica o manualmente dentro de Edivolt y conoce el progreso de comprobaci\u00f3n de cada uno de los cargos realizados.\n\n<\/div>\n<\/div>\n<\/div>\n<!-- Botones de navegaci\u00f3n -->\n<div class=\"container-fluid my-5\">\n<div class=\"container\">\n<div class=\"row\">\n<div class=\"col-12 col-sm-12 col-md-6 col-lg-5 col-xl-5 mb-3\"><a class=\"btn btn-outline-primary btn-lg btn-block btn-nxt\" role=\"button\" href=\"https:\/\/edivolt.com\/es\/gastos\/validacion-de-facturas-electronicas\/\"><i class=\"fas fa-angle-left icopl\"><\/i>Validaci\u00f3n de\nfacturas electr\u00f3nicas<\/a><\/div>\n<div class=\"d-md-none  d-lg-block d-xl-block col-lg-2 col-xl-2\"><\/div>\n<div class=\"col-12 col-sm-12 col-md-6 col-lg-5 col-xl-5 mb-3\"><a class=\"btn btn-outline-primary btn-lg btn-block btn-nxt\" role=\"button\" href=\"https:\/\/edivolt.com\/es\/gastos\/cajas-chicas-y-fondos-revolventes\/\">Cajas chicas y\nfondos revolventes<i class=\"fas fa-angle-right icop\"><\/i><\/a><\/div>\n<\/div>\n<\/div>\n<\/div>\n<!-- Obtenga una demostraci\u00f3n -->\n<!-- Obtenga una demostraci\u00f3n -->\n<div class=\"container-fluid fondod\" id=\"demo\">\n<div class=\"container\">\n<div class=\"row py-5 t-5\">\n<div class=\"col-12 col-sm-7 col-md-8 col-lg-7 col-xl-7\">\n<h3 class=\"pt-5 text-white\">\u00bfTe gustar\u00eda ver Edivolt en acci\u00f3n?<\/h3>\n<p class=\"text-white\">Solicita m\u00e1s informaci\u00f3n y \u00a1dile adi\u00f3s a los reportes de gastos en papel!<\/p>\n\n<\/div>\n<div id=\"llamenos\" class=\"col-12 col-lg-1 col-xl-1\"><\/div>\n<div class=\"col-12 col-sm-5 col-md-4 col-lg-4 col-xl-4 align-self-center\">\n                    <button class=\"estilobtnmod my-2 my-sm-0 text-white\" type=\"button\" data-toggle=\"modal\" data-target=\"#mymodal\">Solicita un demo <i class=\"fas fa-angle-right\"><\/i>\n<\/button><\/div>\n<\/div>\n<\/div>\n<\/div>","protected":false},"excerpt":{"rendered":"Integraci\u00f3n con tarjetas corporativas que permite la conciliaci\u00f3n de tus cargos y gastos. Gracias a nuestras alianzas con American Express y BBVA, tus cargos se integran autom\u00e1ticamente en Edivolt Adem\u00e1s de la integraci\u00f3n autom\u00e1tica con BBVA y American Express, Edivolt soporta la importaci\u00f3n manual de cargos de HSBC, Efectivale, Santander y Edenred. Si requieres la [&hellip;]","protected":false},"author":2,"featured_media":0,"parent":10,"menu_order":0,"comment_status":"closed","ping_status":"closed","template":"","meta":{"footnotes":""},"class_list":["post-94","page","type-page","status-publish","hentry"],"_links":{"self":[{"href":"https:\/\/edivolt.com\/es\/wp-json\/wp\/v2\/pages\/94","targetHints":{"allow":["GET"]}}],"collection":[{"href":"https:\/\/edivolt.com\/es\/wp-json\/wp\/v2\/pages"}],"about":[{"href":"https:\/\/edivolt.com\/es\/wp-json\/wp\/v2\/types\/page"}],"author":[{"embeddable":true,"href":"https:\/\/edivolt.com\/es\/wp-json\/wp\/v2\/users\/2"}],"replies":[{"embeddable":true,"href":"https:\/\/edivolt.com\/es\/wp-json\/wp\/v2\/comments?post=94"}],"version-history":[{"count":9,"href":"https:\/\/edivolt.com\/es\/wp-json\/wp\/v2\/pages\/94\/revisions"}],"predecessor-version":[{"id":225,"href":"https:\/\/edivolt.com\/es\/wp-json\/wp\/v2\/pages\/94\/revisions\/225"}],"up":[{"embeddable":true,"href":"https:\/\/edivolt.com\/es\/wp-json\/wp\/v2\/pages\/10"}],"wp:attachment":[{"href":"https:\/\/edivolt.com\/es\/wp-json\/wp\/v2\/media?parent=94"}],"curies":[{"name":"wp","href":"https:\/\/api.w.org\/{rel}","templated":true}]}}