{"id":6,"date":"2020-12-22T19:44:35","date_gmt":"2020-12-22T19:44:35","guid":{"rendered":"https:\/\/edivolt.com\/es-mx\/?page_id=6"},"modified":"2021-07-19T13:46:29","modified_gmt":"2021-07-19T13:46:29","slug":"gestion-de-anticipos","status":"publish","type":"page","link":"https:\/\/edivolt.com\/es\/gastos\/gestion-de-anticipos\/","title":{"rendered":"Gesti\u00f3n de anticipos"},"content":{"rendered":"<!-- Header -->\n\n<header>\n<div class=\"container-fluid fondohg mt-5 pt-5\">\n<div class=\"container  main-banner banner-one margenesha\">\n<div class=\"row clearfix\">\n<div class=\"col-12 col-sm-12  col-md-7 col-lg-6 col-xl-6 align-self-center\">\n<h1 class=\"textohp \">Simplifica las solicitudes de anticipos con c\u00e1lculos y aprobaciones autom\u00e1ticas.<\/h1>\n<\/div>\n<div class=\"col-12 col-sm-12  col-md-5 col-lg-6 col-xl-6 ali cent-img\">\n                    <img decoding=\"async\" src=\"https:\/\/edivolt.com\/es-mx\/wp-content\/uploads\/sites\/2\/2021\/07\/iconoha.svg\" class=\"media-object img-fluid imgha\" alt=\"M\u00f3dulo de anticipos\" title=\"Gesti\u00f3n de anticipos\"\/><\/div>\n<\/div>\n<\/div>\n<\/div>\n<\/header> <!-- Informaci\u00f3n en tiempo real -->\n<div class=\"container\">\n<div class=\"row py-5\">\n<div class=\"col-12 col-sm-12 col-md-5 col-lg-5 col-xl-5 cent-img esp-img\">\n            <img decoding=\"async\" src=\"https:\/\/edivolt.com\/es-mx\/wp-content\/uploads\/sites\/2\/2021\/05\/gasto1.svg\" class=\"media-object img-fluid imgca2\" alt=\"Conoce el estatus de tus anticipos\" title=\"Informaci\u00f3n en tiempo real\"\/><\/div>\n<div class=\"col-12 col-sm-12 col-md-7 col-lg-7 col-xl-7 align-self-center\">\n<h2 class=\"titulor tl mb-4\">Informaci\u00f3n en tiempo real<\/h2>\nConoce en tiempo real cu\u00e1l es el estatus de tus solicitudes de anticipo, visualiza si est\u00e1n aprobadas, siguen en proceso o haz llegar un recordatorio a los aprobadores en caso de no contar con una pronta respuesta.\n\n<\/div>\n<\/div>\n<\/div>\n<!-- Logra m\u00e1s con menos -->\n<div class=\"container-fluid fondoc\">\n<div class=\"container\">\n<div class=\"row py-5\">\n<div class=\"col-12 col-sm-12 col-md-7 col-lg-7 col-xl-7 align-self-center\">\n<h2 class=\"titulor tl mb-4\">Logra m\u00e1s con menos<\/h2>\nAhorra tiempo llevando un mejor control de los anticipos, con la facilidad de filtrar por estatus, rangos de fechas de elaboraci\u00f3n o realizando una b\u00fasqueda m\u00e1s detallada.\n\n<\/div>\n<div class=\"col-12 col-sm-12 col-md-5 col-lg-5 col-xl-5 cent-img esp-img\">\n                <img decoding=\"async\" src=\"https:\/\/edivolt.com\/es-mx\/wp-content\/uploads\/sites\/2\/2021\/05\/filtrar.svg\" class=\"media-object img-fluid imgca\" alt=\"Mejor control de los anticipos con los filtros\" title=\"Filtros por estatus o fecha\"\/><\/div>\n<\/div>\n<\/div>\n<\/div>\n<!-- Anticipos r\u00e1pidos y \u00e1giles -->\n<div class=\"container\">\n<div class=\"row pt-5\">\n<div class=\"col-12 col-sm-12 col-md-5 col-lg-5 col-xl-5 cent-img esp-img\">\n            <img decoding=\"async\" src=\"https:\/\/edivolt.com\/es-mx\/wp-content\/uploads\/sites\/2\/2021\/05\/anticipos.svg\" class=\"media-object img-fluid\" alt=\"Anticipos r\u00e1pidos y \u00e1giles\" title=\"Anticipos r\u00e1pidos y \u00e1giles\"\/><\/div>\n<div class=\"col-12 col-sm-12 col-md-7 col-lg-7 col-xl-7\">\n<h2 class=\"titulor tl mb-4\">Anticipos r\u00e1pidos y \u00e1giles<\/h2>\n<div class=\"media\">\n                <img decoding=\"async\" src=\"https:\/\/edivolt.com\/es-mx\/wp-content\/uploads\/sites\/2\/2021\/02\/vineta.svg\" class=\"align-self-start mt-1\" style=\"width:20px\" alt=\"Vi\u00f1eta\" title=\"Vi\u00f1eta\"\/>\n<div class=\"media-body mb-3\">\n\n                    Obt\u00e9n el presupuesto total sin c\u00e1lculos manuales\n\n<\/div>\n<\/div>\n<div class=\"media\">\n                <img decoding=\"async\" src=\"https:\/\/edivolt.com\/es-mx\/wp-content\/uploads\/sites\/2\/2021\/02\/vineta.svg\" class=\"align-self-start mt-1\" style=\"width:20px\" alt=\"Vi\u00f1eta\" title=\"Vi\u00f1eta\"\/>\n<div class=\"media-body mb-3\">\n\n                    Visualiza la distancia en kil\u00f3metros entre el origen y destino\n\n<\/div>\n<\/div>\n<div class=\"media\">\n                <img decoding=\"async\" src=\"https:\/\/edivolt.com\/es-mx\/wp-content\/uploads\/sites\/2\/2021\/02\/vineta.svg\" class=\"align-self-start mt-1\" style=\"width:20px\" alt=\"Vi\u00f1eta\" title=\"Vi\u00f1eta\"\/>\n<div class=\"media-body mb-3\">\n\n                    Incluye todo tipo de anticipo: gastos diversos, caja chica, vi\u00e1ticos\n\n<\/div>\n<\/div>\n<\/div>\n<\/div>\n<\/div>\n<!-- Botones de navegaci\u00f3n -->\n<div class=\"container-fluid my-5\">\n<div class=\"container\">\n<div class=\"row\">\n<div class=\"d-sm-none d-md-block  d-lg-block d-xl-block  col-md-6 col-lg-7 col-xl-7\"><\/div>\n<div class=\"col-12 col-sm-12 col-md-6 col-lg-5 col-xl-5 mb-3\">\n                <a class=\"btn btn-outline-primary btn-lg btn-block btn-nxt\" href=\"https:\/\/edivolt.com\/es\/gastos\/comprobacion-de-gastos\/\" role=\"button\">Comprobaci\u00f3n\nde gastos<i class=\"fas fa-angle-right icop\"><\/i><\/a><\/div>\n<\/div>\n<\/div>\n<\/div>\n<!-- Obtenga una demostraci\u00f3n -->\n<!-- Obtenga una demostraci\u00f3n -->\n<div class=\"container-fluid fondod\" id=\"demo\">\n<div class=\"container\">\n<div class=\"row py-5 t-5\">\n<div class=\"col-12 col-sm-7 col-md-8 col-lg-7 col-xl-7\">\n<h3 class=\"pt-5 text-white\">\u00bfTe gustar\u00eda ver Edivolt en acci\u00f3n?<\/h3>\n<p class=\"text-white\">Solicita m\u00e1s informaci\u00f3n y \u00a1dile adi\u00f3s a los reportes de gastos en papel!<\/p>\n\n<\/div>\n<div id=\"llamenos\" class=\"col-12 col-lg-1 col-xl-1\"><\/div>\n<div class=\"col-12 col-sm-5 col-md-4 col-lg-4 col-xl-4 align-self-center\">\n                    <button class=\"estilobtnmod my-2 my-sm-0 text-white\" type=\"button\" data-toggle=\"modal\" data-target=\"#mymodal\">Solicita un demo <i class=\"fas fa-angle-right\"><\/i>\n<\/button><\/div>\n<\/div>\n<\/div>\n<\/div>","protected":false},"excerpt":{"rendered":"Simplifica las solicitudes de anticipos con c\u00e1lculos y aprobaciones autom\u00e1ticas. Informaci\u00f3n en tiempo real Conoce en tiempo real cu\u00e1l es el estatus de tus solicitudes de anticipo, visualiza si est\u00e1n aprobadas, siguen en proceso o haz llegar un recordatorio a los aprobadores en caso de no contar con una pronta respuesta. Logra m\u00e1s con menos [&hellip;]","protected":false},"author":2,"featured_media":0,"parent":10,"menu_order":0,"comment_status":"closed","ping_status":"closed","template":"","meta":{"footnotes":""},"class_list":["post-6","page","type-page","status-publish","hentry"],"_links":{"self":[{"href":"https:\/\/edivolt.com\/es\/wp-json\/wp\/v2\/pages\/6","targetHints":{"allow":["GET"]}}],"collection":[{"href":"https:\/\/edivolt.com\/es\/wp-json\/wp\/v2\/pages"}],"about":[{"href":"https:\/\/edivolt.com\/es\/wp-json\/wp\/v2\/types\/page"}],"author":[{"embeddable":true,"href":"https:\/\/edivolt.com\/es\/wp-json\/wp\/v2\/users\/2"}],"replies":[{"embeddable":true,"href":"https:\/\/edivolt.com\/es\/wp-json\/wp\/v2\/comments?post=6"}],"version-history":[{"count":10,"href":"https:\/\/edivolt.com\/es\/wp-json\/wp\/v2\/pages\/6\/revisions"}],"predecessor-version":[{"id":244,"href":"https:\/\/edivolt.com\/es\/wp-json\/wp\/v2\/pages\/6\/revisions\/244"}],"up":[{"embeddable":true,"href":"https:\/\/edivolt.com\/es\/wp-json\/wp\/v2\/pages\/10"}],"wp:attachment":[{"href":"https:\/\/edivolt.com\/es\/wp-json\/wp\/v2\/media?parent=6"}],"curies":[{"name":"wp","href":"https:\/\/api.w.org\/{rel}","templated":true}]}}