{"id":254,"date":"2021-09-09T13:41:26","date_gmt":"2021-09-09T13:41:26","guid":{"rendered":"https:\/\/edivolt.com\/es\/?page_id=254"},"modified":"2021-09-09T13:41:26","modified_gmt":"2021-09-09T13:41:26","slug":"contacta-a-soporte","status":"publish","type":"page","link":"https:\/\/edivolt.com\/es\/contacta-a-soporte\/","title":{"rendered":"Contacta a soporte"},"content":{"rendered":"<!-- Header -->\n\n<header>\n<div class=\"container-fluid fondohg mt-5 pt-5\">\n<div class=\"container main-banner banner-one margenesha\">\n<div class=\"row clearfix\">\n<div class=\"col-12 col-sm-12 col-md-7 col-lg-6 col-xl-6 align-self-center\">\n<h1 class=\"textohp mb-3\">Si necesitas apoyo, no dudes en ponerte en contacto con nuestro departamento de soporte t\u00e9cnico<\/h1>\n<\/div>\n<div class=\"col-12 col-sm-12 col-md-5 col-lg-6 col-xl-6 ali cent-img\">\n\t\t\t\t\t<img decoding=\"async\" src=\"http:\/\/edivolt.com\/wp-content\/uploads\/2021\/09\/soporte.svg\" class=\"media-object img-fluid\" alt=\"Contactar a soporte\" title=\"Soporte\"\/><\/div>\n<\/div>\n<\/div>\n<\/div>\n<\/header><!-- Secci\u00f3n de videos -->\n<div class=\"container py-5\">\n<h2 class=\"ta col-12 pb-4 titulohg\">Nuestro equipo<span class=\"titulor\"> te guiar\u00e1<\/span> para solucionar <span class=\"titulor\">tus dudas o inquietudes. <\/span><\/h2>\n<div class=\"row\">\n<div class=\"col-12 col-sm-12 col-md-12 col-lg-8 col-xl-8 d-flex justify-content-center\">\n\t\t\t<iframe loading=\"lazy\" width=\"90%\" height=\"315\" src=\"https:\/\/www.youtube.com\/embed\/84GJ1UOnFZ0\" title=\"Edivolt Gastos App - Tutorial\" frameborder=\"0\" allow=\"accelerometer; autoplay; clipboard-write; encrypted-media; gyroscope; picture-in-picture\" allowfullscreen=\"\"><\/iframe><\/div>\n<div class=\"col-12 col-sm-12 col-md-12 col-lg-4 col-xl-4 mt-4\">\n<h3 class=\"text-so mb-4\">\n\t\t\t\tElige la forma de tu elecci\u00f3n y ponte en contacto<\/h3>\n<div class=\"media\">\n\t\t\t\t<img decoding=\"async\" src=\"https:\/\/edivolt.com\/es-mx\/wp-content\/uploads\/sites\/2\/2021\/02\/vineta.svg\" class=\"align-self-start mt-1\" style=\"width:20px\" alt=\"Vi\u00f1eta\" title=\"Vi\u00f1eta\"\/>\n<div class=\"media-body mb-3\">\n\t\t\t\t\t+52 (55) 4198 4646<\/div>\n<\/div>\n<div class=\"media\">\n\t\t\t\t<img decoding=\"async\" src=\"https:\/\/edivolt.com\/es-mx\/wp-content\/uploads\/sites\/2\/2021\/02\/vineta.svg\" class=\"align-self-start mt-1\" style=\"width:20px\" alt=\"Vi\u00f1eta\" title=\"Vi\u00f1eta\"\/>\n<div class=\"media-body mb-3\">\n\t\t\t\t\t<a href=\"mailto:info@edivolt.com\">soporte@edivolt.com<\/a><\/div>\n<\/div>\n<div class=\"media\">\n\t\t\t\t<img decoding=\"async\" src=\"https:\/\/edivolt.com\/es-mx\/wp-content\/uploads\/sites\/2\/2021\/02\/vineta.svg\" class=\"align-self-start mt-1\" style=\"width:20px\" alt=\"Vi\u00f1eta\" title=\"Vi\u00f1eta\"\/>\n<div class=\"media-body mb-3\">\n\t\t\t\t\tSi tienes alguna incidencia puedes reportarla o levantar un ticket <a href=\"http:\/\/soporte.smartlab.com.mx\/support\/login\" target=\"_blank\" rel=\"noopener\">aqu\u00ed<\/a><\/div>\n<\/div>\n<div class=\"media\">\n\t\t\t\t<a class=\"estilobtnm my-2 my-sm-0 text-white\" target=\"_blank\" href=\"https:\/\/www.youtube.com\/watch?v=84GJ1UOnFZ0&amp;list=PLgfckj6CD0o8vdPl0TmAtLLcXhuqfkuYq\" rel=\"noopener\">Ver video tutoriales <i class=\"fas fa-angle-right icop\"><\/i><\/a><\/div>\n<\/div>\n<\/div>\n<\/div>","protected":false},"excerpt":{"rendered":"Si necesitas apoyo, no dudes en ponerte en contacto con nuestro departamento de soporte t\u00e9cnico Nuestro equipo te guiar\u00e1 para solucionar tus dudas o inquietudes. Elige la forma de tu elecci\u00f3n y ponte en contacto +52 (55) 4198 4646 soporte@edivolt.com Si tienes alguna incidencia puedes reportarla o levantar un ticket aqu\u00ed Ver video tutoriales","protected":false},"author":2,"featured_media":0,"parent":0,"menu_order":0,"comment_status":"closed","ping_status":"closed","template":"","meta":{"footnotes":""},"class_list":["post-254","page","type-page","status-publish","hentry"],"_links":{"self":[{"href":"https:\/\/edivolt.com\/es\/wp-json\/wp\/v2\/pages\/254","targetHints":{"allow":["GET"]}}],"collection":[{"href":"https:\/\/edivolt.com\/es\/wp-json\/wp\/v2\/pages"}],"about":[{"href":"https:\/\/edivolt.com\/es\/wp-json\/wp\/v2\/types\/page"}],"author":[{"embeddable":true,"href":"https:\/\/edivolt.com\/es\/wp-json\/wp\/v2\/users\/2"}],"replies":[{"embeddable":true,"href":"https:\/\/edivolt.com\/es\/wp-json\/wp\/v2\/comments?post=254"}],"version-history":[{"count":1,"href":"https:\/\/edivolt.com\/es\/wp-json\/wp\/v2\/pages\/254\/revisions"}],"predecessor-version":[{"id":255,"href":"https:\/\/edivolt.com\/es\/wp-json\/wp\/v2\/pages\/254\/revisions\/255"}],"wp:attachment":[{"href":"https:\/\/edivolt.com\/es\/wp-json\/wp\/v2\/media?parent=254"}],"curies":[{"name":"wp","href":"https:\/\/api.w.org\/{rel}","templated":true}]}}