{"id":177,"date":"2021-07-14T22:23:07","date_gmt":"2021-07-14T22:23:07","guid":{"rendered":"https:\/\/edivolt.com\/es\/?page_id=177"},"modified":"2021-07-16T17:02:49","modified_gmt":"2021-07-16T17:02:49","slug":"aprobaciones","status":"publish","type":"page","link":"https:\/\/edivolt.com\/es\/gastos\/aprobaciones\/","title":{"rendered":"Aprobaciones"},"content":{"rendered":"<!-- Header -->\n\n<header>\n<div class=\"container-fluid fondohg mt-5 pt-5\">\n<div class=\"container  main-banner banner-one margenesha\">\n<div class=\"row clearfix\">\n<div class=\"col-12 col-sm-12  col-md-7 col-lg-6 col-xl-6 container flex-column align-self-center\">\n<h1 class=\"textohp\">El flujo de aprobaci\u00f3n que necesitas, con la facilidad de Edivolt.<\/h1>\n<p class=\"home\"> Aprueba anticipos y gastos desde cualquier dispositivo, dondequiera que est\u00e9s. Automatiza, simplifica y unifica.<\/p>\n\n<\/div>\n<div class=\"col-12 col-sm-12  col-md-5 col-lg-6 col-xl-6 ali cent-img\"><img decoding=\"async\" class=\"media-object img-fluid cent-img\" title=\"Flujo de aprobaciones\" src=\"https:\/\/edivolt.com\/es-mx\/wp-content\/uploads\/sites\/2\/2021\/07\/aprobacion-1.svg\" alt=\"Flujo de aprobaciones\"\/><\/div>\n<\/div>\n<\/div>\n<\/div>\n<\/header><!-- Aprobadores condicionales -->\n<div class=\"container\">\n<div class=\"row pb-5\">\n<div class=\"col-12 col-sm-12 col-md-5 col-lg-5 col-xl-5 cent-img esp-img\"><img decoding=\"async\" class=\"media-object img-fluid imgca2\" title=\"Flujo de aprobadores condicionales\" src=\"https:\/\/edivolt.com\/es-mx\/wp-content\/uploads\/sites\/2\/2021\/07\/aprobacion2.svg\" alt=\"Flujo de aprobadores condicionales\"\/><\/div>\n<div class=\"col-12 col-sm-12 col-md-7 col-lg-7 col-xl-7 align-self-center\">\n<h2 class=\"titulor tl mb-4\">Flujos de aprobaci\u00f3n din\u00e1micos<\/h2>\nCon todas las opciones que te ofrece Edivolt, puedes resolver f\u00e1cilmente tus necesidades de revisi\u00f3n para cada reporte de gastos.\n<div class=\"media\"><img decoding=\"async\" class=\"align-self-start mt-1\" style=\"width: 20px\" src=\"https:\/\/edivolt.com\/es-mx\/wp-content\/uploads\/sites\/2\/2021\/02\/vineta.svg\" alt=\"vi\u00f1eta\"\/>\n<div class=\"media-body\">\n\n\u00bfTienes gastos que exceden los l\u00edmites establecidos en tus pol\u00edticas y necesitas que otra \u00e1rea los revise?\n\n<\/div>\n<\/div>\n<div class=\"media\"><img decoding=\"async\" class=\"align-self-start mt-1\" style=\"width: 20px\" src=\"https:\/\/edivolt.com\/es-mx\/wp-content\/uploads\/sites\/2\/2021\/02\/vineta.svg\" alt=\"vi\u00f1eta\"\/>\n<div class=\"media-body\">\n\n\u00bfCargaste gastos a un centro de costos y necesitas que los apruebe su responsable?\n\n<\/div>\n<\/div>\nEdivolt asigna a los aprobadores que necesites, autom\u00e1ticamente.\n\n<\/div>\n<\/div>\n<\/div>\n<!-- Aprobadores temporales -->\n<div class=\"container-fluid fondoc\">\n<div class=\"container\">\n<div class=\"row py-5\">\n<div class=\"col-12 col-sm-12 col-md-7 col-lg-7 col-xl-7 align-self-center\">\n<h2 class=\"titulor tl mb-4\">Aprobadores delegados<\/h2>\n<div class=\"media\">\nSi el aprobador no estar\u00e1 disponible porque saldr\u00e1 de vacaciones o viajar\u00e1 al otro lado del planeta, puede delegar temporalmente su autorizaci\u00f3n a otro usuario. El registro de actividad del sistema te permitir\u00e1 identificar qui\u00e9n realiz\u00f3 cada acci\u00f3n en nombre de alguien m\u00e1s.\n\n<\/div>\n<\/div>\n<div class=\"col-12 col-sm-12 col-md-5 col-lg-5 col-xl-5 cent-img\"><img decoding=\"async\" class=\"media-object img-fluid imgca\" title=\"Delegar aprobadores\" src=\"https:\/\/edivolt.com\/es-mx\/wp-content\/uploads\/sites\/2\/2021\/07\/aprobacion3.svg\" alt=\"Establecer aprobadores por un periodo\"\/><\/div>\n<\/div>\n<\/div>\n<\/div>\n<!-- Botones de navegaci\u00f3n -->\n<div class=\"container-fluid my-5\">\n<div class=\"container\">\n<div class=\"row\">\n<div class=\"col-12 col-sm-12 col-md-6 col-lg-5 col-xl-5 mb-3\"><a class=\"btn btn-outline-primary btn-lg btn-block btn-nxt\" role=\"button\" href=\"https:\/\/edivolt.com\/es\/gastos\/cumplimiento-de-politicas-corporativas\/\"><i class=\"fas fa-angle-left icopl\"><\/i>Cumplimiento de\npol\u00edticas<\/a><\/div>\n<div class=\"d-md-none  d-lg-block d-xl-block col-lg-2 col-xl-2\"><\/div>\n<div class=\"col-12 col-sm-12 col-md-6 col-lg-5 col-xl-5 mb-3\"><a class=\"btn btn-outline-primary btn-lg btn-block btn-nxt\" role=\"button\" href=\"https:\/\/edivolt.com\/es\/gastos\/reportes-en-tiempo-real\/\">Reportes en\ntiempo real<i class=\"fas fa-angle-right icop\"><\/i><\/a><\/div>\n<\/div>\n<\/div>\n<\/div>\n<!-- Obtenga una demostraci\u00f3n -->\n<!-- Obtenga una demostraci\u00f3n -->\n<div class=\"container-fluid fondod\" id=\"demo\">\n<div class=\"container\">\n<div class=\"row py-5 t-5\">\n<div class=\"col-12 col-sm-7 col-md-8 col-lg-7 col-xl-7\">\n<h3 class=\"pt-5 text-white\">\u00bfTe gustar\u00eda ver Edivolt en acci\u00f3n?<\/h3>\n<p class=\"text-white\">Solicita m\u00e1s informaci\u00f3n y \u00a1dile adi\u00f3s a los reportes de gastos en papel!<\/p>\n\n<\/div>\n<div id=\"llamenos\" class=\"col-12 col-lg-1 col-xl-1\"><\/div>\n<div class=\"col-12 col-sm-5 col-md-4 col-lg-4 col-xl-4 align-self-center\">\n                    <button class=\"estilobtnmod my-2 my-sm-0 text-white\" type=\"button\" data-toggle=\"modal\" data-target=\"#mymodal\">Solicita un demo <i class=\"fas fa-angle-right\"><\/i>\n<\/button><\/div>\n<\/div>\n<\/div>\n<\/div>","protected":false},"excerpt":{"rendered":"El flujo de aprobaci\u00f3n que necesitas, con la facilidad de Edivolt. Aprueba anticipos y gastos desde cualquier dispositivo, dondequiera que est\u00e9s. Automatiza, simplifica y unifica. Flujos de aprobaci\u00f3n din\u00e1micos Con todas las opciones que te ofrece Edivolt, puedes resolver f\u00e1cilmente tus necesidades de revisi\u00f3n para cada reporte de gastos. \u00bfTienes gastos que exceden los l\u00edmites [&hellip;]","protected":false},"author":2,"featured_media":0,"parent":10,"menu_order":0,"comment_status":"closed","ping_status":"closed","template":"","meta":{"footnotes":""},"class_list":["post-177","page","type-page","status-publish","hentry"],"_links":{"self":[{"href":"https:\/\/edivolt.com\/es\/wp-json\/wp\/v2\/pages\/177","targetHints":{"allow":["GET"]}}],"collection":[{"href":"https:\/\/edivolt.com\/es\/wp-json\/wp\/v2\/pages"}],"about":[{"href":"https:\/\/edivolt.com\/es\/wp-json\/wp\/v2\/types\/page"}],"author":[{"embeddable":true,"href":"https:\/\/edivolt.com\/es\/wp-json\/wp\/v2\/users\/2"}],"replies":[{"embeddable":true,"href":"https:\/\/edivolt.com\/es\/wp-json\/wp\/v2\/comments?post=177"}],"version-history":[{"count":4,"href":"https:\/\/edivolt.com\/es\/wp-json\/wp\/v2\/pages\/177\/revisions"}],"predecessor-version":[{"id":224,"href":"https:\/\/edivolt.com\/es\/wp-json\/wp\/v2\/pages\/177\/revisions\/224"}],"up":[{"embeddable":true,"href":"https:\/\/edivolt.com\/es\/wp-json\/wp\/v2\/pages\/10"}],"wp:attachment":[{"href":"https:\/\/edivolt.com\/es\/wp-json\/wp\/v2\/media?parent=177"}],"curies":[{"name":"wp","href":"https:\/\/api.w.org\/{rel}","templated":true}]}}