{"id":138,"date":"2021-07-14T17:45:31","date_gmt":"2021-07-14T17:45:31","guid":{"rendered":"https:\/\/edivolt.com\/es\/?page_id=138"},"modified":"2021-07-14T17:45:31","modified_gmt":"2021-07-14T17:45:31","slug":"iniciar-sesion","status":"publish","type":"page","link":"https:\/\/edivolt.com\/es\/iniciar-sesion\/","title":{"rendered":"Iniciar sesi\u00f3n"},"content":{"rendered":"<div class=\"container-fluid fondo-lg py-5\">\n<div class=\"container p-5 my-5 fondo-bn\">\n<div class=\"row\">\n<div class=\"col-12 col-sm-12 col-md-12 col-lg-7 col-xl-7 cont-1\">\n<h2 id=\"login\"><b>Bienvenido<\/b><\/h2>\n<h6 id=\"login\">Con\u00e9ctate para acceder a todos los beneficios que te ofrece <a href=\"https:\/\/edivolt.com\/es-mx\/\">Edivolt<\/a><\/h6>\n<div class=\"ta\">\n\n<img decoding=\"async\" src=\"https:\/\/edivolt.com\/es-mx\/wp-content\/themes\/edivolt21\/images\/svg\/edivolt-gastos.svg\" class=\"img-lg\" alt=\"Edivolt Gastos\" title=\"Soluci\u00f3n robusta y escalable\"\/>\n\n<\/div>\n<\/div>\n<div class=\"col-12 col-sm-12 col-md-12 col-lg-5 col-xl-5 cont-2\">\n<div class=\"ta\">\n<a href=\"https:\/\/edivolt.com\/es-mx\/\">\n<img decoding=\"async\" src=\"https:\/\/edivolt.com\/es-mx\/wp-content\/themes\/edivolt21\/images\/edivolt_top_logo.png\" alt=\"Edivolt\" title=\"Edivolt\" class=\"imagotipo-lg\"\/>\n<\/a><\/div>\n<h1 class=\"titulo-lg\">Con\u00e9ctate<\/h1>\n<h6 class=\"ta mb-5\">Para ingresar al sistema escribe la direcci\u00f3n web proporcionada por tu administrador<\/h6>\n<div class=\"contenedor-formulario\" id=\"container-form-action-login\">\n\n <label for=\"fdominio\" class=\"fdom\">Ingresa tu sitio web<\/label>\n\n<button type=\"submit\" class=\"btn-sig\">Siguiente<\/button>\n<\/div>\n<div class=\"login-demo\">\n<p class=\"lg-demo\">\u00bfA\u00fan no gozas de todos los beneficios que Edivolt puede ofrecerte? <a href=\"#mymodal\" data-toggle=\"modal\" data-target=\"#mymodal\">Solicita un demo gratis<\/a><\/p>\n\n<\/div>\n<\/div>\n<\/div>\n<\/div>\n<\/div>","protected":false},"excerpt":{"rendered":"Bienvenido Con\u00e9ctate para acceder a todos los beneficios que te ofrece Edivolt Con\u00e9ctate Para ingresar al sistema escribe la direcci\u00f3n web proporcionada por tu administrador Ingresa tu sitio web Siguiente \u00bfA\u00fan no gozas de todos los beneficios que Edivolt puede ofrecerte? Solicita un demo gratis","protected":false},"author":2,"featured_media":0,"parent":0,"menu_order":0,"comment_status":"closed","ping_status":"closed","template":"","meta":{"footnotes":""},"class_list":["post-138","page","type-page","status-publish","hentry"],"_links":{"self":[{"href":"https:\/\/edivolt.com\/es\/wp-json\/wp\/v2\/pages\/138","targetHints":{"allow":["GET"]}}],"collection":[{"href":"https:\/\/edivolt.com\/es\/wp-json\/wp\/v2\/pages"}],"about":[{"href":"https:\/\/edivolt.com\/es\/wp-json\/wp\/v2\/types\/page"}],"author":[{"embeddable":true,"href":"https:\/\/edivolt.com\/es\/wp-json\/wp\/v2\/users\/2"}],"replies":[{"embeddable":true,"href":"https:\/\/edivolt.com\/es\/wp-json\/wp\/v2\/comments?post=138"}],"version-history":[{"count":2,"href":"https:\/\/edivolt.com\/es\/wp-json\/wp\/v2\/pages\/138\/revisions"}],"predecessor-version":[{"id":165,"href":"https:\/\/edivolt.com\/es\/wp-json\/wp\/v2\/pages\/138\/revisions\/165"}],"wp:attachment":[{"href":"https:\/\/edivolt.com\/es\/wp-json\/wp\/v2\/media?parent=138"}],"curies":[{"name":"wp","href":"https:\/\/api.w.org\/{rel}","templated":true}]}}