{"id":136,"date":"2021-07-14T17:43:59","date_gmt":"2021-07-14T17:43:59","guid":{"rendered":"https:\/\/edivolt.com\/es\/?page_id=136"},"modified":"2025-06-10T15:57:14","modified_gmt":"2025-06-10T15:57:14","slug":"contacto","status":"publish","type":"page","link":"https:\/\/edivolt.com\/es\/contacto\/","title":{"rendered":"Contacto"},"content":{"rendered":"<!-- Formulario - Cont\u00e1ctenos -->\n<div id=\"demo\" class=\"container-fluid fondo-contacto pt-5 mt-5\">\n<div class=\"container \">\n<h1 class=\"tituloc\">\u00bfTe gustar\u00eda ver Edivolt en acci\u00f3n?<\/h1>\n<p class=\"formt\">\n            Comp\u00e1rtenos tus datos para agendar una demostraci\u00f3n sobre nuestras soluciones.<\/p>\n\n<div class=\"row\">\n<div class=\"col-12 col-sm-12 col-md-12 col-lg-8 col-xl-8\">\n<div class=\"contenedor-formc\"><!-- start shotcode form-contacto -->\n    <form id=\"form-co\" class=\"formulario-contacto\" name=\"formulario_registro\" action=\"https:\/\/edivolt.com\/wp-content\/themes\/edivolt21\/valida-captcha.php\" method=\"POST\" novalidate=\"novalidate\">\n        <div>\n            <input type=\"hidden\" id=\"oculto\" name=\"tipocontacto\" value=\"contacto\"\/>\n            <div class=\"input-group\">\n                <input type=\"text\" id=\"nombre\" name=\"nombre\" required data-msg-required=\"Por favor ingresa tu nombre\" data-msg-minlength=\"El nombre debe constar de al menos 4 caracteres\"\/>\n                <label class=\"label\" for=\"nombre\">Tu nombre<\/label>\n            <\/div>\n            <div class=\"input-group\">\n                <input type=\"text\" id=\"empresa\" name=\"empresa\" required data-msg-required=\"Por favor ingresa el nombre de tu empresa\" data-msg-minlength=\"El nombre debe constar de al menos 2 caracteres\"\/>\n                <label class=\"label\" for=\"empresa\">Empresa<\/label>\n            <\/div>\n            <div class=\"input-group\">\n                <input type=\"email\" id=\"email\" name=\"email\" required data-msg-required=\"Por favor ingresa tu correo con el formato: correo@ejemplo.com\" data-msg-email=\"Por favor ingresa una direcci\u00f3n de correo electr\u00f3nico v\u00e1lida\"\/>\n                <label class=\"label\" for=\"email\">Correo electr\u00f3nico<\/label>\n            <\/div>\n            <div class=\"input-group\">\n                <input type=\"text\" id=\"telefono\" name=\"telefono\" required data-msg-required=\"Por favor ingresa un n\u00famero telef\u00f3nico para poder contactarte\" data-msg-minlength=\"Indica un n\u00famero telef\u00f3nico de al menos 6 d\u00edgitos\"\/>\n                <label class=\"label\" for=\"telefono\">Tel\u00e9fono<\/label>\n            <\/div>\n            <div class=\"input-group checkbox-contacto\">\n                <p class=\"col-12 form-check\">\u00bfDe cu\u00e1l soluci\u00f3n le interesar\u00eda el demo?<\/p>\n                <div class=\"col-12 col-sm-12\">\n                    <input type=\"checkbox\" name=\"servicios[]\" id=\"gastos\" value=\"gastos\"  data-msg=\"Por favor selecciona al menos una de nuestras soluciones para poder enviarte la informaci\u00f3n correspondiente.\"\/>\n                    <label for=\"gastos\" id=\"label-chbx-gs\">Edivolt Gastos<\/label>\n                <\/div>\n                <div class=\"col-12 col-sm-12\">\n                    <input type=\"checkbox\" name=\"servicios[]\" id=\"proveedores\" value=\"proveedores\" data-msg=\"Por favor selecciona al menos una de nuestras soluciones para poder enviarte la informaci\u00f3n correspondiente.\"\/>\n                    <label for=\"proveedores\" id=\"label-chbx-pv\">Edivolt Proveedores<\/label>\n                <\/div>\n            <\/div>\n            <div id=\"consolaerror\" class=\"consola\"><\/div>\n            <div class=\"row\"> \n                <div class=\"col-12 col-sm-12 col-md-12 col-lg-7 col-xl-8\">\n                    <div class=\"input-group\">\n                        <textarea id=\"message\" name=\"message\" data-labe-=\"message\" cols=\"30\" rows=\"10\"\n                            aria-required=\"true\" class=\"textar\"><\/textarea>\n                        <label class=\"label\" for=\"message\">\u00bfC\u00f3mo podemos ayudarte?<\/label>\n                    <\/div><!--\/.input-group -->\n                <\/div><!-- \/.col-12 col-sm-12 col-md-12 col-lg-7 col-xl-8 -->\n\n                <div class=\"col-12 col-sm-12 col-md-12 col-lg-5 col-xl-4\">\n                    <div class=\" col-12 col-sm-12 col-md-6 col-lg-12 col-xl-12 align-self-center my-2\">\n                        <input class=\"form-check-input\" type=\"checkbox\" value=\"true\" id=\"avisoPrivacidad\" name=\"avisoPrivacidad[]\" data-required=\"true\" data-msg=\"Tu privacidad es importante, por favor lee y conf\u00edrmanos que aceptas nuestro aviso de privacidad.\"\/>\n                        <label class=\"form-check-label\" for=\"avisoPrivacidad\" id=\"label-chbx-ap\">\n                        He le\u00eddo y acepto el <a href=\"\/es\/aviso-de-privacidad\/\" target=\"_blank\">aviso de privacidad<\/a>\n                        <\/label>\n                        <div id=\"avisoerror\" class=\"consola\"><\/div>\n                    <\/div>\n                    <div class=\"col-12 col-sm-12\">\n                        <div id=\"RecaptchaField1\"><\/div>\n                        <input type=\"hidden\" class=\"hiddenRecaptcha required\" name=\"hiddenRecaptcha\" id=\"hiddenRecaptcha1\" style=\"margin-top:100px;\" data-msg=\"Por favor completa este campo.\"\/>\n                        <input type=\"hidden\" name=\"version\" id=\"version\" value=\"es-global\" \/>\n                    <\/div>\n                    \n                <\/div><!-- \/.col-12 col-sm-12 col-md-12 col-lg-5 col-xl-4 -->\n            <\/div><!-- \/.row -->\n            <div class=\"col-12 col-sm-12 mt-4 mb-5 container-form-button\">\n                <button type=\"submit\" class=\"btn-for\">Solicitar informes<\/button>\n            <\/div>\n        <\/div>\n    <\/form>\n    <!-- end shotcode form-contacto --><\/div>\n<\/div>\n<div class=\"col-12 col-sm-12 col-md-12 col-lg-4 col-xl-4 mt-3 mb-5 pl-5\">\n<div class=\"row\">\n<div class=\"col-12 col-sm-6 col-md-6 col-lg-12 col-xl-12 mb-3\">\n<h4 class=\"text-c\">Cont\u00e1ctanos<\/h4>\n<a class=\"mail\" href=\"mailto:info@edivolt.com\"><i class=\"fas fa-envelope ico-cont\"><\/i>info@edivolt.com<\/a>\n\n<\/div>\n<div class=\"col-12 col-sm-6 col-md-6 col-lg-12 col-xl-12 mb-3\">\n<h5 class=\"text-c\">Miami, Estados Unidos<\/h5>\n<i class=\"ico-cont fas fa-phone\"><\/i> <span class=\"contacto\">+1 (786) 618 2591<\/span>\n<p style=\"color: #3c3f43; font-size: 16px; margin-top: -15px; font-weight: 300;\">1688 Meridian Ave, Ste 700\n<br \/>Miami Beach, FL, 33139<\/p>\n\n<\/div>\n<div class=\"col-12 col-sm-6 col-md-6 col-lg-12 col-xl-12 mb-3\">\n<h5 class=\"text-c\">Ciudad de M\u00e9xico, M\u00e9xico<\/h5>\n<i class=\"ico-cont fas fa-phone\"><\/i> <span class=\"contacto\">+52 (55) 4198 4646<\/span>\n<p style=\"color: #3c3f43; font-size: 16px; margin-top: -15px; font-weight: 300;\"> Varsovia 36, Piso 5<br \/>Colonia Ju\u00e1rez.<br \/>Cuauht\u00e9moc, CDMX. 06600<\/p>\n\n<\/div>\n<div class=\"col-12 col-sm-6 col-md-6 col-lg-12 col-xl-12 mb-3\">\n<h5 class=\"text-c\">Bogot\u00e1, Colombia<\/h5>\n<i class=\"ico-cont fas fa-phone\"><\/i> <span class=\"contacto\">+57 (1) 794 0602\u202c<\/span>\n\n<\/div>\n<\/div>\n<\/div>\n<\/div>\n<\/div>\n<\/div>","protected":false},"excerpt":{"rendered":"\u00bfTe gustar\u00eda ver Edivolt en acci\u00f3n? Comp\u00e1rtenos tus datos para agendar una demostraci\u00f3n sobre nuestras soluciones. Cont\u00e1ctanos info@edivolt.com Miami, Estados Unidos +1 (786) 618 2591 1688 Meridian Ave, Ste 700 Miami Beach, FL, 33139 Ciudad de M\u00e9xico, M\u00e9xico +52 (55) 4198 4646 Varsovia 36, Piso 5Colonia Ju\u00e1rez.Cuauht\u00e9moc, CDMX. 06600 Bogot\u00e1, Colombia +57 (1) 794 0602\u202c","protected":false},"author":2,"featured_media":0,"parent":0,"menu_order":0,"comment_status":"closed","ping_status":"closed","template":"","meta":{"footnotes":""},"class_list":["post-136","page","type-page","status-publish","hentry"],"_links":{"self":[{"href":"https:\/\/edivolt.com\/es\/wp-json\/wp\/v2\/pages\/136","targetHints":{"allow":["GET"]}}],"collection":[{"href":"https:\/\/edivolt.com\/es\/wp-json\/wp\/v2\/pages"}],"about":[{"href":"https:\/\/edivolt.com\/es\/wp-json\/wp\/v2\/types\/page"}],"author":[{"embeddable":true,"href":"https:\/\/edivolt.com\/es\/wp-json\/wp\/v2\/users\/2"}],"replies":[{"embeddable":true,"href":"https:\/\/edivolt.com\/es\/wp-json\/wp\/v2\/comments?post=136"}],"version-history":[{"count":5,"href":"https:\/\/edivolt.com\/es\/wp-json\/wp\/v2\/pages\/136\/revisions"}],"predecessor-version":[{"id":294,"href":"https:\/\/edivolt.com\/es\/wp-json\/wp\/v2\/pages\/136\/revisions\/294"}],"wp:attachment":[{"href":"https:\/\/edivolt.com\/es\/wp-json\/wp\/v2\/media?parent=136"}],"curies":[{"name":"wp","href":"https:\/\/api.w.org\/{rel}","templated":true}]}}