{"id":131,"date":"2021-07-14T17:28:22","date_gmt":"2021-07-14T17:28:22","guid":{"rendered":"https:\/\/edivolt.com\/es\/?page_id=131"},"modified":"2021-07-19T15:18:37","modified_gmt":"2021-07-19T15:18:37","slug":"personalizacion","status":"publish","type":"page","link":"https:\/\/edivolt.com\/es\/gastos\/personalizacion\/","title":{"rendered":"Personalizaci\u00f3n"},"content":{"rendered":"<!-- Header -->\n\n<header>\n<div class=\"container-fluid fondohg mt-5 pt-5\">\n<div class=\"container  main-banner banner-one margenesha\">\n<div class=\"row clearfix\">\n<div class=\"col-12 col-sm-12  col-md-7 col-lg-6 col-xl-6 container flex-column align-self-center\">\n<h1 class=\"textohp\">Convierte Edivolt en una soluci\u00f3n a tu medida aprovechando al m\u00e1ximo los recursos que te ofrece.<\/h1>\n<\/div>\n<div class=\"col-12 col-sm-12  col-md-5 col-lg-6 col-xl-6 ali cent-img\">\n                    <img decoding=\"async\" src=\"https:\/\/edivolt.com\/es-mx\/wp-content\/uploads\/sites\/2\/2021\/05\/configurar.svg\" class=\"media-object img-fluid imghan cent-img\" alt=\"Personaliza\" title=\"Soluci\u00f3n a tu medida\"\/><\/div>\n<\/div>\n<\/div>\n<\/div>\n<\/header> <!-- Una soluci\u00f3n para todos -->\n<div class=\"container\">\n<div class=\"row pb-5\">\n<div class=\"col-12 col-sm-12 col-md-5 col-lg-5 col-xl-5 cent-img esp-img\">\n            <img decoding=\"async\" src=\"https:\/\/edivolt.com\/es-mx\/wp-content\/uploads\/sites\/2\/2021\/05\/iconohper.svg\" class=\"media-object img-fluid imgca2\" alt=\"Una soluci\u00f3n para todos\" title=\"Adaptable a cada necesidad\"\/><\/div>\n<div class=\"col-12 col-sm-12 col-md-7 col-lg-7 col-xl-7 align-self-center\">\n<h2 class=\"titulor tl mb-4\">Una soluci\u00f3n para todos<\/h2>\nTodo el equipo podr\u00e1 usarla dentro de su \u00e1rea de trabajo, ya que se adapta a cada necesidad favoreciendo el proceso administrativo de la empresa. Por su sistema intuitivo es de f\u00e1cil manejo para todos.\n\n<\/div>\n<\/div>\n<\/div>\n<!-- Prep\u00e1ralo y \u00fasalo -->\n<div class=\"container-fluid fondoc\">\n<div class=\"container\">\n<div class=\"row py-5\">\n<div class=\"col-12 col-sm-12 col-md-7 col-lg-7 col-xl-7 align-self-center\">\n<h2 class=\"titulor tl mb-4\">Prep\u00e1ralo y \u00fasalo<\/h2>\n<div class=\"media\">\n\n                    Obt\u00e9n una nueva experiencia con nuestra herramienta, adapt\u00e1ndola a tu forma de trabajar permiti\u00e9ndote integrar pol\u00edticas internas, controlar los roles de cada usuario, entre otras funcionalidades.\n\n<\/div>\n<\/div>\n<div class=\"col-12 col-sm-12 col-md-5 col-lg-5 col-xl-5 cent-img\">\n                <img decoding=\"async\" src=\"https:\/\/edivolt.com\/es-mx\/wp-content\/uploads\/sites\/2\/2021\/05\/prepara.svg\" class=\"media-object img-fluid imgca2\" alt=\"Adaptable a tu forma de trabajar\" title=\"Prep\u00e1ralo y \u00fasalo\"\/><\/div>\n<\/div>\n<\/div>\n<\/div>\n<!-- Mejores resultados  -->\n<div class=\"container\">\n<div class=\"row py-5\">\n<div class=\"col-12 col-sm-12 col-md-5 col-lg-5 col-xl-5 cent-img esp-img\">\n            <img decoding=\"async\" src=\"https:\/\/edivolt.com\/es-mx\/wp-content\/uploads\/sites\/2\/2021\/05\/config-esp.svg\" class=\"media-object img-fluid imght\" alt=\"Mejores resultados\" title=\"Control de gastos en un mismo sistema\"\/><\/div>\n<div class=\"col-12 col-sm-12 col-md-7 col-lg-7 col-xl-7\">\n<h2 class=\"titulor tl mb-4\">Mejores resultados<\/h2>\n<h6 class=\"mb-3\">Integra tu empresa o holding y ahorra tiempo llevando el control de los gastos en un mismo sistema:<\/h6>\n<div class=\"media\">\n                <img decoding=\"async\" src=\"https:\/\/edivolt.com\/es-mx\/wp-content\/uploads\/sites\/2\/2021\/02\/vineta.svg\" class=\"align-self-start mt-1\" style=\"width:20px\" alt=\"Vi\u00f1eta\" title=\"Vi\u00f1eta\"\/>\n<div class=\"media-body mb-3\">\n\n                    Centraliza la informaci\u00f3n\n\n<\/div>\n<\/div>\n<div class=\"media\">\n                <img decoding=\"async\" src=\"https:\/\/edivolt.com\/es-mx\/wp-content\/uploads\/sites\/2\/2021\/02\/vineta.svg\" class=\"align-self-start mt-1\" style=\"width:20px\" alt=\"Vi\u00f1eta\" title=\"Vi\u00f1eta\"\/>\n<div class=\"media-body mb-3\">\n\n                    Todo en un mismo lugar\n\n<\/div>\n<\/div>\n<div class=\"media\">\n                <img decoding=\"async\" src=\"https:\/\/edivolt.com\/es-mx\/wp-content\/uploads\/sites\/2\/2021\/02\/vineta.svg\" class=\"align-self-start mt-1\" style=\"width:20px\" alt=\"Vi\u00f1eta\" title=\"Vi\u00f1eta\"\/>\n<div class=\"media-body mb-3\">\n\n                    Simplifica la obtenci\u00f3n de reportes\n\n<\/div>\n<\/div>\n<div class=\"media\">\n                <img decoding=\"async\" src=\"https:\/\/edivolt.com\/es-mx\/wp-content\/uploads\/sites\/2\/2021\/02\/vineta.svg\" class=\"align-self-start mt-1\" style=\"width:20px\" alt=\"Vi\u00f1eta\" title=\"Vi\u00f1eta\"\/>\n<div class=\"media-body mb-3\">\n\n                    Obt\u00e9n mayor visibilidad de resultados\n\n<\/div>\n<\/div>\n<\/div>\n<\/div>\n<!-- Botones de navegaci\u00f3n -->\n<div class=\"container-fluid my-5\">\n<div class=\"container\">\n<div class=\"row\">\n<div class=\"col-12 col-sm-12 col-md-6 col-lg-5 col-xl-5 mb-3\">\n                    <a class=\"btn btn-outline-primary btn-lg btn-block btn-nxt\" href=\"https:\/\/edivolt.com\/es\/gastos\/reportes-en-tiempo-real\/\" role=\"button\"><i class=\"fas fa-angle-left icopl\"><\/i>Reportes en tiempo real<\/a><\/div>\n<div class=\"d-md-none  d-lg-block d-xl-block col-lg-2 col-xl-2\"><\/div>\n<div class=\"col-12 col-sm-12 col-md-6 col-lg-5 col-xl-5 mb-3\">\n                    <a class=\"btn btn-outline-primary btn-lg btn-block btn-nxt\" href=\"https:\/\/edivolt.com\/es\/gastos\/integracion-con-erps\/\" role=\"button\">Integraci\u00f3n con ERP&#8217;S<i class=\"fas fa-angle-right icop\"><\/i><\/a><\/div>\n<\/div>\n<\/div>\n<\/div>\n<\/div>\n<!-- Obtenga una demostraci\u00f3n -->\n<!-- Obtenga una demostraci\u00f3n -->\n<div class=\"container-fluid fondod\" id=\"demo\">\n<div class=\"container\">\n<div class=\"row py-5 t-5\">\n<div class=\"col-12 col-sm-7 col-md-8 col-lg-7 col-xl-7\">\n<h3 class=\"pt-5 text-white\">\u00bfTe gustar\u00eda ver Edivolt en acci\u00f3n?<\/h3>\n<p class=\"text-white\">Solicita m\u00e1s informaci\u00f3n y \u00a1dile adi\u00f3s a los reportes de gastos en papel!<\/p>\n\n<\/div>\n<div id=\"llamenos\" class=\"col-12 col-lg-1 col-xl-1\"><\/div>\n<div class=\"col-12 col-sm-5 col-md-4 col-lg-4 col-xl-4 align-self-center\">\n                    <button class=\"estilobtnmod my-2 my-sm-0 text-white\" type=\"button\" data-toggle=\"modal\" data-target=\"#mymodal\">Solicita un demo <i class=\"fas fa-angle-right\"><\/i>\n<\/button><\/div>\n<\/div>\n<\/div>\n<\/div>","protected":false},"excerpt":{"rendered":"Convierte Edivolt en una soluci\u00f3n a tu medida aprovechando al m\u00e1ximo los recursos que te ofrece. Una soluci\u00f3n para todos Todo el equipo podr\u00e1 usarla dentro de su \u00e1rea de trabajo, ya que se adapta a cada necesidad favoreciendo el proceso administrativo de la empresa. Por su sistema intuitivo es de f\u00e1cil manejo para todos. [&hellip;]","protected":false},"author":2,"featured_media":0,"parent":10,"menu_order":0,"comment_status":"closed","ping_status":"closed","template":"","meta":{"footnotes":""},"class_list":["post-131","page","type-page","status-publish","hentry"],"_links":{"self":[{"href":"https:\/\/edivolt.com\/es\/wp-json\/wp\/v2\/pages\/131","targetHints":{"allow":["GET"]}}],"collection":[{"href":"https:\/\/edivolt.com\/es\/wp-json\/wp\/v2\/pages"}],"about":[{"href":"https:\/\/edivolt.com\/es\/wp-json\/wp\/v2\/types\/page"}],"author":[{"embeddable":true,"href":"https:\/\/edivolt.com\/es\/wp-json\/wp\/v2\/users\/2"}],"replies":[{"embeddable":true,"href":"https:\/\/edivolt.com\/es\/wp-json\/wp\/v2\/comments?post=131"}],"version-history":[{"count":9,"href":"https:\/\/edivolt.com\/es\/wp-json\/wp\/v2\/pages\/131\/revisions"}],"predecessor-version":[{"id":251,"href":"https:\/\/edivolt.com\/es\/wp-json\/wp\/v2\/pages\/131\/revisions\/251"}],"up":[{"embeddable":true,"href":"https:\/\/edivolt.com\/es\/wp-json\/wp\/v2\/pages\/10"}],"wp:attachment":[{"href":"https:\/\/edivolt.com\/es\/wp-json\/wp\/v2\/media?parent=131"}],"curies":[{"name":"wp","href":"https:\/\/api.w.org\/{rel}","templated":true}]}}