{"id":13,"date":"2020-12-22T20:41:27","date_gmt":"2020-12-22T20:41:27","guid":{"rendered":"https:\/\/edivolt.com\/es-mx\/?page_id=13"},"modified":"2021-07-16T18:10:35","modified_gmt":"2021-07-16T18:10:35","slug":"proveedores","status":"publish","type":"page","link":"https:\/\/edivolt.com\/es\/proveedores\/","title":{"rendered":"Proveedores"},"content":{"rendered":"<!-- Header -->\n\n<header>\n<div class=\"container-fluid fondohg mt-5 pt-5 mb-5\">\n<div class=\"container d-flex flex-column justify-content-center align-items-start main-banner banner-one margeneshg\">\n<div class=\"row clearfix\">\n<div class=\"col-12 col-sm-12  col-md-6 col-lg-6 col-xl-6\">\n<h1 class=\"textohp\">Edivolt Proveedores optimiza el proceso de tus cuentas por pagar por medio de una plataforma ajustable.<\/h1>\n<\/div>\n<div class=\"col-12 col-sm-12  col-md-6 col-lg-6 col-xl-6 ali\">\n                    <img decoding=\"async\" src=\"https:\/\/edivolt.com\/es-mx\/wp-content\/themes\/edivolt21\/images\/svg\/iconohp.svg\" class=\"media-object img-fluid imght\" alt=\"Edivolt Proveedores\" title=\"Edivolt Proveedores\"\/><\/div>\n<\/div>\n<\/div>\n<\/div>\n<\/header>    <!-- Descripci\u00f3n -->\n<div class=\"container-fluid\">\n<div class=\"container my-5\">\n<div class=\"row\">\n<div class=\"col-sm-12 col-md-6 col-lg-6 col-xl-6 align-self-center mb-5\">\n                    <img decoding=\"async\" src=\"https:\/\/edivolt.com\/es-mx\/wp-content\/themes\/edivolt21\/images\/svg\/img-proveedores.svg\" class=\"img-fluid\" alt=\"Portal de proveedores\" title=\"Plataforma proveedores\"\/><\/div>\n<div class=\"align-self-center col-sm-12 col-md-6 col-lg-6 col-xl-6\">\n<h2 class=\"titulohg\"> <span class=\"resaltars\">Centraliza <\/span>la informaci\u00f3n y la comunicaci\u00f3n <span class=\"resaltars\">a trav\u00e9s <\/span>de un <span class=\"resaltars\">portal exclusivo<\/span> para tus proveedores<\/h2>\n<p class=\"py-3\">\n                        Edivolt Proveedores te permite optimizar el flujo de trabajo con tus proveedores al abrir un canal de comunicaci\u00f3n y autogesti\u00f3n que facilita la carga, validaci\u00f3n, consulta y seguimiento de facturas de manera segura a la vez que proporciona mayor visibilidad para la empresa y tus proveedores.<\/p>\n\n<\/div>\n<\/div>\n<\/div>\n<\/div>\n<!-- M\u00f3dulos del sistema -->\n<div class=\"container-fluid fondoc pb-5\">\n<div class=\"container\">\n<h2 class=\"ta col-12 py-5 titulohg\">Toma el control de las <span class=\"titulor\">cuentas por pagar de tu empresa<\/span><\/h2>\n<div class=\"row\">\n<div class=\"col-12 col-md-4 col-lg-4 my-3\">\n<div class=\"cardc prov p-0 m-auto h-100\">\n<div class=\"card-body\">\n<div class=\"illm\"><img decoding=\"async\" src=\"https:\/\/edivolt.com\/es-mx\/wp-content\/themes\/edivolt21\/images\/svg\/sp1.svg\" alt=\"Publicaci\u00f3n de \u00f3rdenes de compra\" title=\"\u00d3rdenes de compra\"\/><\/div>\n<h3 class=\"card-text card-title text-center\">Publicaci\u00f3n de \u00f3rdenes de compra<\/h3>\n<\/div>\n<\/div>\n<\/div>\n<div class=\"col-12 col-md-4 col-lg-4 my-3\">\n<div class=\"cardc prov p-0 m-auto h-100\">\n<div class=\"card-body\">\n<div class=\"illm\"><img decoding=\"async\" src=\"https:\/\/edivolt.com\/es-mx\/wp-content\/themes\/edivolt21\/images\/svg\/sp2.svg\" alt=\"Publicaci\u00f3n de recepciones\" title=\"Publicaci\u00f3n de recepciones\"\/><\/div>\n<h3 class=\" card-text card-title text-center\">Publicaci\u00f3n de recepciones<\/h3>\n<\/div>\n<\/div>\n<\/div>\n<div class=\"col-12 col-md-4 col-lg-4 my-3\">\n<div class=\"cardc prov p-0 m-auto h-100\">\n<div class=\"card-body\">\n<div class=\"illm\"><img decoding=\"async\" src=\"https:\/\/edivolt.com\/es-mx\/wp-content\/themes\/edivolt21\/images\/svg\/sp3.svg\" alt=\"Notificaciones\" title=\"Notificaciones\"\/><\/div>\n<h3 class=\" card-text card-title text-center\">Notificaciones<\/h3>\n<\/div>\n<\/div>\n<\/div>\n<div class=\"col-12 col-md-4 col-lg-4 my-3\">\n<div class=\"cardc prov p-0 m-auto h-100\">\n<div class=\"card-body\">\n<div class=\"illm\"><img decoding=\"async\" src=\"https:\/\/edivolt.com\/es-mx\/wp-content\/themes\/edivolt21\/images\/svg\/sp4.svg\" alt=\"B\u00f3veda de facturas electr\u00f3nicas\" title=\"B\u00f3veda de facturas electr\u00f3nicas y en papel\"\/><\/div>\n<h3 class=\" card-text card-title text-center\">B\u00f3veda de facturas electr\u00f3nicas y en papel<\/h3>\n<\/div>\n<\/div>\n<\/div>\n<div class=\"col-12 col-md-4 col-lg-4 my-3\">\n<div class=\"cardc prov p-0 m-auto h-100\">\n<div class=\"card-body\">\n<div class=\"illm\"><img decoding=\"async\" src=\"https:\/\/edivolt.com\/es-mx\/wp-content\/themes\/edivolt21\/images\/svg\/sp5.svg\" alt=\"Validaci\u00f3n autom\u00e1tica\" title=\"Validaci\u00f3n autom\u00e1tica\"\/><\/div>\n<h3 class=\" card-text card-title text-center\">Validaci\u00f3n autom\u00e1tica de facturas electr\u00f3nicas<\/h3>\n<\/div>\n<\/div>\n<\/div>\n<div class=\"col-12 col-md-4 col-lg-4 my-3\">\n<div class=\"cardc prov p-0 m-auto h-100\">\n<div class=\"card-body\">\n<div class=\"illm\"><img decoding=\"async\" src=\"https:\/\/edivolt.com\/es-mx\/wp-content\/themes\/edivolt21\/images\/svg\/sp8.svg\" alt=\"Integraci\u00f3n con ERP\" title=\"Integraci\u00f3n con ERP\"\/><\/div>\n<h3 class=\" card-text card-title text-center\">Integraci\u00f3n con ERP<\/h3>\n<\/div>\n<\/div>\n<\/div>\n<\/div>\n<\/div>\n<\/div>\n<!-- Invertir en resultados -->\n<div class=\"container align-self-center py-5 my-5\">\n<h2 class=\"ta pb-5 titulor\">Edivolt Proveedores es invertir en resultados<\/h2>\n<div class=\"row\">\n<div class=\"py-3 col-sm-12 col-md-6 col-lg-6 col-xl-6\">\n<div class=\"media\">\n<div class=\"media-left media-top mr-4\">\n                        <img decoding=\"async\" src=\"https:\/\/edivolt.com\/es-mx\/wp-content\/themes\/edivolt21\/images\/empresas\/inve4.png\" class=\"media-object wid\" alt=\"Rentable\" title=\"Rentable\"\/><\/div>\n<div class=\"media-body\">\n<h3 class=\"invr\">Rentable<\/h3>\nExcelente relaci\u00f3n costo-beneficio\nque produce ahorros.\n\n<\/div>\n<\/div>\n<\/div>\n<div class=\"py-3 col-sm-12 col-md-6 col-lg-6 col-xl-6\">\n<div class=\"media\">\n<div class=\"media-left media-top mr-4\">\n                        <img decoding=\"async\" src=\"https:\/\/edivolt.com\/es-mx\/wp-content\/themes\/edivolt21\/images\/empresas\/inve1.png\" class=\"media-object wid\" alt=\"Robusto\" title=\"Robusto\"\/><\/div>\n<div class=\"media-body\">\n<h3 class=\"invr\">Robusto<\/h3>\nCreado para soportar miles\nde procesos simult\u00e1neos.\n\n<\/div>\n<\/div>\n<\/div>\n<\/div>\n<div class=\"row\">\n<div class=\"py-3 col-sm-12 col-md-6 col-lg-6 col-xl-6\">\n<div class=\"media\">\n<div class=\"media-left media-top mr-4\">\n                        <img decoding=\"async\" src=\"https:\/\/edivolt.com\/es-mx\/wp-content\/themes\/edivolt21\/images\/empresas\/inve3.png\" class=\"media-object wid\" alt=\"Seguro\" title=\"Seguro\"\/><\/div>\n<div class=\"media-body\">\n<h3 class=\"invr\">Seguro<\/h3>\nControl de acceso, respaldo y\nprotecci\u00f3n a la informaci\u00f3n.\n\n<\/div>\n<\/div>\n<\/div>\n<div class=\"py-3 col-sm-12 col-md-6 col-lg-6 col-xl-6\">\n<div class=\"media\">\n<div class=\"media-left media-top mr-4\">\n                        <img decoding=\"async\" src=\"https:\/\/edivolt.com\/es-mx\/wp-content\/themes\/edivolt21\/images\/empresas\/inve2.png\" class=\"media-object wid\" alt=\"Soporte y mantenimiento\" title=\"Soporte y mantenimiento\"\/><\/div>\n<div class=\"media-body\">\n<h3 class=\"invr\">Soporte y mantenimiento<\/h3>\nActualizaciones y asistencia a\ntodos los usuarios.\n\n<\/div>\n<\/div>\n<\/div>\n<\/div>\n<\/div>\n<!-- Obtenga una demostraci\u00f3n -->\n<!-- Obtenga una demostraci\u00f3n -->\n<div class=\"container-fluid fondod\" id=\"demo\">\n<div class=\"container\">\n<div class=\"row py-5 t-5\">\n<div class=\"col-12 col-sm-7 col-md-8 col-lg-7 col-xl-7\">\n<h3 class=\"pt-5 text-white\">\u00bfTe gustar\u00eda ver Edivolt en acci\u00f3n?<\/h3>\n<p class=\"text-white\">Solicita m\u00e1s informaci\u00f3n y \u00a1dile adi\u00f3s a los reportes de gastos en papel!<\/p>\n\n<\/div>\n<div id=\"llamenos\" class=\"col-12 col-lg-1 col-xl-1\"><\/div>\n<div class=\"col-12 col-sm-5 col-md-4 col-lg-4 col-xl-4 align-self-center\">\n                    <button class=\"estilobtnmod my-2 my-sm-0 text-white\" type=\"button\" data-toggle=\"modal\" data-target=\"#mymodal\">Solicita un demo <i class=\"fas fa-angle-right\"><\/i>\n<\/button><\/div>\n<\/div>\n<\/div>\n<\/div>","protected":false},"excerpt":{"rendered":"Edivolt Proveedores optimiza el proceso de tus cuentas por pagar por medio de una plataforma ajustable. Centraliza la informaci\u00f3n y la comunicaci\u00f3n a trav\u00e9s de un portal exclusivo para tus proveedores Edivolt Proveedores te permite optimizar el flujo de trabajo con tus proveedores al abrir un canal de comunicaci\u00f3n y autogesti\u00f3n que facilita la carga, [&hellip;]","protected":false},"author":1,"featured_media":0,"parent":0,"menu_order":0,"comment_status":"closed","ping_status":"closed","template":"","meta":{"footnotes":""},"class_list":["post-13","page","type-page","status-publish","hentry"],"_links":{"self":[{"href":"https:\/\/edivolt.com\/es\/wp-json\/wp\/v2\/pages\/13","targetHints":{"allow":["GET"]}}],"collection":[{"href":"https:\/\/edivolt.com\/es\/wp-json\/wp\/v2\/pages"}],"about":[{"href":"https:\/\/edivolt.com\/es\/wp-json\/wp\/v2\/types\/page"}],"author":[{"embeddable":true,"href":"https:\/\/edivolt.com\/es\/wp-json\/wp\/v2\/users\/1"}],"replies":[{"embeddable":true,"href":"https:\/\/edivolt.com\/es\/wp-json\/wp\/v2\/comments?post=13"}],"version-history":[{"count":7,"href":"https:\/\/edivolt.com\/es\/wp-json\/wp\/v2\/pages\/13\/revisions"}],"predecessor-version":[{"id":227,"href":"https:\/\/edivolt.com\/es\/wp-json\/wp\/v2\/pages\/13\/revisions\/227"}],"wp:attachment":[{"href":"https:\/\/edivolt.com\/es\/wp-json\/wp\/v2\/media?parent=13"}],"curies":[{"name":"wp","href":"https:\/\/api.w.org\/{rel}","templated":true}]}}