{"id":108,"date":"2021-07-14T15:48:06","date_gmt":"2021-07-14T15:48:06","guid":{"rendered":"https:\/\/edivolt.com\/es\/?page_id=108"},"modified":"2021-07-14T18:16:22","modified_gmt":"2021-07-14T18:16:22","slug":"contabilizacion-automatica","status":"publish","type":"page","link":"https:\/\/edivolt.com\/es\/gastos\/contabilizacion-automatica\/","title":{"rendered":"Contabilizaci\u00f3n autom\u00e1tica"},"content":{"rendered":"<!-- Header -->\n\n<header>\n<div class=\"container-fluid fondohg mt-5 pt-5\">\n<div class=\"container  main-banner banner-one margenesha\">\n<div class=\"row clearfix\">\n<div class=\"col-12 col-sm-12  col-md-7 col-lg-6 col-xl-6 align-self-center\">\n<h1 class=\"textohp \">Crea tus p\u00f3lizas contables, exp\u00f3rtalas al ERP y haz posible la contabilizaci\u00f3n autom\u00e1tica.<\/h1>\n<\/div>\n<div class=\"col-12 col-sm-12  col-md-5 col-lg-6 col-xl-6 ali\">\n                    <img decoding=\"async\" src=\"https:\/\/edivolt.com\/es-mx\/wp-content\/uploads\/sites\/2\/2021\/07\/conta1.svg\" class=\"media-object img-fluid\" alt=\"P\u00f3lizas contables exportadas al ERP\" title=\"Contabilizaci\u00f3n autom\u00e1tica\"\/><\/div>\n<\/div>\n<\/div>\n<\/div>\n<\/header> <!-- Contabilidad con facilidad -->\n<div class=\"container-fluid fondoc\">\n<div class=\"container\">\n<div class=\"row py-5\">\n<div class=\"col-12 col-sm-12 col-md-5 col-lg-5 col-xl-5 cent-img esp-img\">\n                <img decoding=\"async\" src=\"https:\/\/edivolt.com\/es-mx\/wp-content\/uploads\/sites\/2\/2021\/07\/conta2.svg\" class=\"media-object img-fluid imgca\" alt=\"Registro digital de los asientos contables\" title=\"Registro digital de los asientos contables\"\/><\/div>\n<div class=\"col-12 col-sm-12 col-md-7 col-lg-7 col-xl-7 align-self-center\">\n<h2 class=\"titulor tl mb-4\">Contabilidad con facilidad<\/h2>\nObt\u00e9n tus p\u00f3lizas contables al momento, personalizando los criterios correspondientes y lleva un registro digital de todos tus asientos contables de una manera m\u00e1s segura y organizada.\n\n<\/div>\n<\/div>\n<\/div>\n<\/div>\n<!-- Mejores resultados -->\n<div class=\"container\">\n<div class=\"row py-5\">\n<div class=\"col-12 col-sm-12 col-md-7 col-lg-7 col-xl-7 align-self-center\">\n<h2 class=\"titulor tl mb-4\">Mejores resultados<\/h2>\nOptimiza el proceso de contabilizaci\u00f3n asociando cada uno de los gastos autom\u00e1ticamente a tu cat\u00e1logo de cuentas y centros de costo.\n\n<\/div>\n<div class=\"col-12 col-sm-12 col-md-5 col-lg-5 col-xl-5 cent-img esp-img\">\n            <img decoding=\"async\" src=\"https:\/\/edivolt.com\/es-mx\/wp-content\/uploads\/sites\/2\/2021\/07\/conta3.svg\" class=\"media-object img-fluid\" alt=\"Gastos asociados a sus cat\u00e1logos de cuentas\" title=\"Asociaci\u00f3n autom\u00e1tica\"\/><\/div>\n<\/div>\n<\/div>\n<!-- Botones de navegaci\u00f3n -->\n<div class=\"container-fluid my-5\">\n<div class=\"container\">\n<div class=\"row\">\n<div class=\"col-12 col-sm-12 col-md-6 col-lg-5 col-xl-5 mb-3\">\n                <a class=\"btn btn-outline-primary btn-lg btn-block btn-nxt\" href=\"https:\/\/edivolt.com\/es\/gastos\/reglas-fiscales\/\" role=\"button\"><i class=\"fas fa-angle-left icopl\"><\/i>Reglas\nfiscales<\/a><\/div>\n<div class=\"d-md-none  d-lg-block d-xl-block col-lg-2 col-xl-2\"><\/div>\n<div class=\"col-12 col-sm-12 col-md-6 col-lg-5 col-xl-5 mb-3\">\n                <a class=\"btn btn-outline-primary btn-lg btn-block btn-nxt\" href=\"https:\/\/edivolt.com\/es\/gastos\/cumplimiento-de-politicas-corporativas\/\" role=\"button\">Cumplimiento de\npol\u00edticas corporativas<i class=\"fas fa-angle-right icop\"><\/i><\/a><\/div>\n<\/div>\n<\/div>\n<\/div>\n<!-- Obtenga una demostraci\u00f3n -->\n<!-- Obtenga una demostraci\u00f3n -->\n<div class=\"container-fluid fondod\" id=\"demo\">\n<div class=\"container\">\n<div class=\"row py-5 t-5\">\n<div class=\"col-12 col-sm-7 col-md-8 col-lg-7 col-xl-7\">\n<h3 class=\"pt-5 text-white\">\u00bfTe gustar\u00eda ver Edivolt en acci\u00f3n?<\/h3>\n<p class=\"text-white\">Solicita m\u00e1s informaci\u00f3n y \u00a1dile adi\u00f3s a los reportes de gastos en papel!<\/p>\n\n<\/div>\n<div id=\"llamenos\" class=\"col-12 col-lg-1 col-xl-1\"><\/div>\n<div class=\"col-12 col-sm-5 col-md-4 col-lg-4 col-xl-4 align-self-center\">\n                    <button class=\"estilobtnmod my-2 my-sm-0 text-white\" type=\"button\" data-toggle=\"modal\" data-target=\"#mymodal\">Solicita un demo <i class=\"fas fa-angle-right\"><\/i>\n<\/button><\/div>\n<\/div>\n<\/div>\n<\/div>","protected":false},"excerpt":{"rendered":"Crea tus p\u00f3lizas contables, exp\u00f3rtalas al ERP y haz posible la contabilizaci\u00f3n autom\u00e1tica. Contabilidad con facilidad Obt\u00e9n tus p\u00f3lizas contables al momento, personalizando los criterios correspondientes y lleva un registro digital de todos tus asientos contables de una manera m\u00e1s segura y organizada. Mejores resultados Optimiza el proceso de contabilizaci\u00f3n asociando cada uno de los [&hellip;]","protected":false},"author":2,"featured_media":0,"parent":10,"menu_order":0,"comment_status":"closed","ping_status":"closed","template":"","meta":{"footnotes":""},"class_list":["post-108","page","type-page","status-publish","hentry"],"_links":{"self":[{"href":"https:\/\/edivolt.com\/es\/wp-json\/wp\/v2\/pages\/108","targetHints":{"allow":["GET"]}}],"collection":[{"href":"https:\/\/edivolt.com\/es\/wp-json\/wp\/v2\/pages"}],"about":[{"href":"https:\/\/edivolt.com\/es\/wp-json\/wp\/v2\/types\/page"}],"author":[{"embeddable":true,"href":"https:\/\/edivolt.com\/es\/wp-json\/wp\/v2\/users\/2"}],"replies":[{"embeddable":true,"href":"https:\/\/edivolt.com\/es\/wp-json\/wp\/v2\/comments?post=108"}],"version-history":[{"count":4,"href":"https:\/\/edivolt.com\/es\/wp-json\/wp\/v2\/pages\/108\/revisions"}],"predecessor-version":[{"id":154,"href":"https:\/\/edivolt.com\/es\/wp-json\/wp\/v2\/pages\/108\/revisions\/154"}],"up":[{"embeddable":true,"href":"https:\/\/edivolt.com\/es\/wp-json\/wp\/v2\/pages\/10"}],"wp:attachment":[{"href":"https:\/\/edivolt.com\/es\/wp-json\/wp\/v2\/media?parent=108"}],"curies":[{"name":"wp","href":"https:\/\/api.w.org\/{rel}","templated":true}]}}