{"id":102,"date":"2021-07-14T15:22:33","date_gmt":"2021-07-14T15:22:33","guid":{"rendered":"https:\/\/edivolt.com\/es\/?page_id=102"},"modified":"2021-07-15T18:40:17","modified_gmt":"2021-07-15T18:40:17","slug":"reglas-fiscales","status":"publish","type":"page","link":"https:\/\/edivolt.com\/es\/gastos\/reglas-fiscales\/","title":{"rendered":"Reglas fiscales"},"content":{"rendered":"<!-- Header -->\n\n<header>\n<div class=\"container-fluid fondohg mt-5 pt-5\">\n<div class=\"container  main-banner banner-one margenesha\">\n<div class=\"row clearfix\">\n<div class=\"col-12 col-sm-12  col-md-7 col-lg-6 col-xl-6 align-self-center\">\n<h1 class=\"textohp \">Automatiza los l\u00edmites fiscales para hacer deducible los conceptos establecidos en la legislaci\u00f3n.<\/h1>\n<\/div>\n<div class=\"col-12 col-sm-12  col-md-5 col-lg-6 col-xl-6 ali\">\n                    <img decoding=\"async\" src=\"https:\/\/edivolt.com\/es-mx\/wp-content\/uploads\/sites\/2\/2021\/07\/reglas1.svg\" class=\"media-object img-fluid\" alt=\"Automatizaci\u00f3n de los l\u00edmites fiscales\" title=\"Reglas fiscales\"\/><\/div>\n<\/div>\n<\/div>\n<\/div>\n<\/header><!-- Amplia cobertura -->\n<div class=\"container-fluid fondoc\">\n<div class=\"container\">\n<div class=\"row py-5\">\n<div class=\"col-12 col-sm-12 col-md-5 col-lg-5 col-xl-5 cent-img esp-img\">\n            <img decoding=\"async\" src=\"https:\/\/edivolt.com\/es-mx\/wp-content\/uploads\/sites\/2\/2021\/07\/reglas3.svg\" class=\"media-object img-fluid\" alt=\"Monto diario y porcentaje de deducibilidad\" title=\"Monto diario y porcentaje de deducibilidad\"\/><\/div>\n<div class=\"col-12 col-sm-12 col-md-7 col-lg-7 col-xl-7 align-self-center\">\n<h2 class=\"titulor tl mb-4\">Amplia cobertura<\/h2>\nIngresa tus comprobantes, valida de inmediato que el monto cumpla con los l\u00edmites establecidos y conoce la deducibilidad autom\u00e1ticamente.\n\n<\/div>\n<\/div>\n<\/div>\n<\/div>\n<!-- Botones de navegaci\u00f3n -->\n<div class=\"container-fluid my-5\">\n<div class=\"container\">\n<div class=\"row\">\n<div class=\"col-12 col-sm-12 col-md-6 col-lg-5 col-xl-5 mb-3\">\n                <a class=\"btn btn-outline-primary btn-lg btn-block btn-nxt\" href=\"https:\/\/edivolt.com\/es\/gastos\/cajas-chicas-y-fondos-revolventes\/\" role=\"button\"><i class=\"fas fa-angle-left icopl\"><\/i>Cajas chicas y\nfondos revolventes<\/a><\/div>\n<div class=\"d-md-none  d-lg-block d-xl-block col-lg-2 col-xl-2\"><\/div>\n<div class=\"col-12 col-sm-12 col-md-6 col-lg-5 col-xl-5 mb-3\">\n                <a class=\"btn btn-outline-primary btn-lg btn-block btn-nxt\" href=\"https:\/\/edivolt.com\/es\/gastos\/contabilizacion-automatica\/\" role=\"button\">Contabilizaci\u00f3n\nautom\u00e1tica<i class=\"fas fa-angle-right icop\"><\/i><\/a><\/div>\n<\/div>\n<\/div>\n<\/div>\n<!-- Obtenga una demostraci\u00f3n -->\n<!-- Obtenga una demostraci\u00f3n -->\n<div class=\"container-fluid fondod\" id=\"demo\">\n<div class=\"container\">\n<div class=\"row py-5 t-5\">\n<div class=\"col-12 col-sm-7 col-md-8 col-lg-7 col-xl-7\">\n<h3 class=\"pt-5 text-white\">\u00bfTe gustar\u00eda ver Edivolt en acci\u00f3n?<\/h3>\n<p class=\"text-white\">Solicita m\u00e1s informaci\u00f3n y \u00a1dile adi\u00f3s a los reportes de gastos en papel!<\/p>\n\n<\/div>\n<div id=\"llamenos\" class=\"col-12 col-lg-1 col-xl-1\"><\/div>\n<div class=\"col-12 col-sm-5 col-md-4 col-lg-4 col-xl-4 align-self-center\">\n                    <button class=\"estilobtnmod my-2 my-sm-0 text-white\" type=\"button\" data-toggle=\"modal\" data-target=\"#mymodal\">Solicita un demo <i class=\"fas fa-angle-right\"><\/i>\n<\/button><\/div>\n<\/div>\n<\/div>\n<\/div>","protected":false},"excerpt":{"rendered":"Automatiza los l\u00edmites fiscales para hacer deducible los conceptos establecidos en la legislaci\u00f3n. Amplia cobertura Ingresa tus comprobantes, valida de inmediato que el monto cumpla con los l\u00edmites establecidos y conoce la deducibilidad autom\u00e1ticamente. Cajas chicas y fondos revolventes Contabilizaci\u00f3n autom\u00e1tica","protected":false},"author":2,"featured_media":0,"parent":10,"menu_order":0,"comment_status":"closed","ping_status":"closed","template":"","meta":{"footnotes":""},"class_list":["post-102","page","type-page","status-publish","hentry"],"_links":{"self":[{"href":"https:\/\/edivolt.com\/es\/wp-json\/wp\/v2\/pages\/102","targetHints":{"allow":["GET"]}}],"collection":[{"href":"https:\/\/edivolt.com\/es\/wp-json\/wp\/v2\/pages"}],"about":[{"href":"https:\/\/edivolt.com\/es\/wp-json\/wp\/v2\/types\/page"}],"author":[{"embeddable":true,"href":"https:\/\/edivolt.com\/es\/wp-json\/wp\/v2\/users\/2"}],"replies":[{"embeddable":true,"href":"https:\/\/edivolt.com\/es\/wp-json\/wp\/v2\/comments?post=102"}],"version-history":[{"count":7,"href":"https:\/\/edivolt.com\/es\/wp-json\/wp\/v2\/pages\/102\/revisions"}],"predecessor-version":[{"id":188,"href":"https:\/\/edivolt.com\/es\/wp-json\/wp\/v2\/pages\/102\/revisions\/188"}],"up":[{"embeddable":true,"href":"https:\/\/edivolt.com\/es\/wp-json\/wp\/v2\/pages\/10"}],"wp:attachment":[{"href":"https:\/\/edivolt.com\/es\/wp-json\/wp\/v2\/media?parent=102"}],"curies":[{"name":"wp","href":"https:\/\/api.w.org\/{rel}","templated":true}]}}