{"id":76,"date":"2021-01-14T22:41:39","date_gmt":"2021-01-14T22:41:39","guid":{"rendered":"https:\/\/edivolt.com\/es-mx\/?page_id=76"},"modified":"2021-07-15T13:06:47","modified_gmt":"2021-07-15T13:06:47","slug":"integracion-con-erps","status":"publish","type":"page","link":"https:\/\/edivolt.com\/es-mx\/gastos\/integracion-con-erps\/","title":{"rendered":"Integraci\u00f3n con ERP&#8217;S"},"content":{"rendered":"<!-- Header -->\n\n<header>\n<div class=\"container-fluid fondohg mt-5 pt-5\">\n<div class=\"container  main-banner banner-one margenesha\">\n<div class=\"row clearfix\">\n<div class=\"col-12 col-sm-12  col-md-7 col-lg-6 col-xl-6 align-self-center\">\n<h1 class=\"textohp \">Integra tu ERP a Edivolt para optimizar el control administrativo y de operaci\u00f3n en tiempo real.<\/h1>\n<\/div>\n<div class=\"col-12 col-sm-12  col-md-5 col-lg-6 col-xl-6 ali cent-img\">\n                    <img decoding=\"async\" src=\"https:\/\/edivolt.com\/es-mx\/wp-content\/uploads\/sites\/2\/2021\/07\/erp1.svg\" class=\"media-object img-fluid imgha\" alt=\"Integraci\u00f3n con ERP'S\" title=\"Integra tu ERP a Edivolt\"\/><\/div>\n<\/div>\n<\/div>\n<\/div>\n<\/header><!-- Muchas opciones de integraci\u00f3n -->\n<div class=\"container\">\n<div class=\"row py-5\">\n<div class=\"col-12 col-sm-12 col-md-5 col-lg-5 col-xl-5 cent-img esp-img\">\n            <img decoding=\"async\" src=\"https:\/\/edivolt.com\/es-mx\/wp-content\/uploads\/sites\/2\/2021\/07\/erp3.svg\" class=\"media-object img-fluid imgca2\" alt=\"Muchas opciones de integraci\u00f3n\" title=\"Integraci\u00f3n autom\u00e1tica\"\/><\/div>\n<div class=\"col-12 col-sm-12 col-md-7 col-lg-7 col-xl-7 align-self-center\">\n<h2 class=\"titulor tl mb-4\">Muchas opciones de integraci\u00f3n<\/h2>\nAhorra tiempo con la integraci\u00f3n autom\u00e1tica a trav\u00e9s de los Web services, del intercambio de archivos o descarga manualmente las p\u00f3lizas y reportes en el portal.\n\n<\/div>\n<\/div>\n<\/div>\n<!-- Datos en tiempo real -->\n<div class=\"container-fluid fondoc\">\n<div class=\"container\">\n<div class=\"row py-5\">\n<div class=\"col-12 col-sm-12 col-md-7 col-lg-7 col-xl-7 align-self-center\">\n<h2 class=\"titulor tl mb-4\">Datos en tiempo real<\/h2>\nElimina procesos manuales, disminuye errores y evita duplicidades con el env\u00edo bidireccional de la informaci\u00f3n, facilitando el flujo de datos entre tu ERP y Edivolt.\n\n<\/div>\n<div class=\"col-12 col-sm-12 col-md-5 col-lg-5 col-xl-5 cent-img esp-img\">\n                <img decoding=\"async\" src=\"https:\/\/edivolt.com\/es-mx\/wp-content\/uploads\/sites\/2\/2021\/07\/erp2.svg\" class=\"media-object img-fluid imgca\" alt=\"Datos en tiempo real\" title=\"Env\u00edo bidireccional de la informaci\u00f3n\"\/><\/div>\n<\/div>\n<\/div>\n<\/div>\n<!-- Nos unimos -->\n<div class=\"container pt-5\">\n<h2 class=\"ta col-12 pb-4 titulor\">Nos unimos con tus herramientas<\/h2>\n<div class=\"row\">\n<div class=\"d-md-none d-lg-block d-xl-block col-md- col-lg-1 col-xl-1\"><\/div>\n<div class=\"col-6 col-sm-4 col-md-4 col-lg-2 col-xl-2\">\n            <img decoding=\"async\" src=\"https:\/\/edivolt.com\/es-mx\/wp-content\/uploads\/sites\/2\/2021\/07\/sap.png\" class=\"lg-erp\" alt=\"SAP\" title=\"SAP\"\/><\/div>\n<div class=\"col-6 col-sm-4 col-md-4 col-lg-2 col-xl-2\">\n            <img decoding=\"async\" src=\"https:\/\/edivolt.com\/es-mx\/wp-content\/uploads\/sites\/2\/2021\/07\/oracle.png\" class=\"lg-erp\" alt=\"Oracle\" title=\"Oracle\"\/><\/div>\n<div class=\"col-6 col-sm-4 col-md-4 col-lg-2 col-xl-2\">\n            <img decoding=\"async\" src=\"https:\/\/edivolt.com\/es-mx\/wp-content\/uploads\/sites\/2\/2021\/07\/dynamics.png\" class=\"lg-erp\" alt=\"Microsoft Dynamics 365\" title=\"Microsoft Dynamics 365\"\/><\/div>\n<div class=\"col-6 col-sm-4 col-md-4 col-lg-2 col-xl-2\">\n            <img decoding=\"async\" src=\"https:\/\/edivolt.com\/es-mx\/wp-content\/uploads\/sites\/2\/2021\/07\/aspel1.png\" class=\"lg-erp\" alt=\"aspel\" title=\"aspel\"\/><\/div>\n<div class=\"col-6 col-sm-4 col-md-4 col-lg-2 col-xl-2\">\n            <img decoding=\"async\" src=\"https:\/\/edivolt.com\/es-mx\/wp-content\/uploads\/sites\/2\/2021\/07\/contpaqi.png\" class=\"lg-erp\" alt=\"CONTPAQi\" title=\"CONTPAQi\"\/><\/div>\n<div class=\"col-6 col-sm-4 col-md-4 col-lg-1 col-xl-1\"><\/div>\n<\/div>\n<div class=\"container pt-4\">\n<h4 class=\"ta mx-5\">\n            O integra tu propio sistema contable<\/h4>\n<\/div>\n<\/div>\n<!-- Botones de navegaci\u00f3n -->\n<div class=\"container-fluid my-5\">\n<div class=\"container\">\n<div class=\"row\">\n<div class=\"col-12 col-sm-12 col-md-6 col-lg-5 col-xl-5 mb-3\">\n                <a class=\"btn btn-outline-primary btn-lg btn-block btn-nxt\" href=\"https:\/\/edivolt.com\/es-mx\/gastos\/personalizacion\/\" role=\"button\"><i class=\"fas fa-angle-left icopl\"><\/i>Personalizaci\u00f3n<\/a><\/div>\n<div class=\"d-sm-none d-md-block d-lg-block d-xl-block col-md-6 col-lg-7 col-xl-7\"><\/div>\n<\/div>\n<\/div>\n<\/div>\n<!-- Obtenga una demostraci\u00f3n -->\n<!-- Obtenga una demostraci\u00f3n -->\n<div class=\"container-fluid fondod\" id=\"demo\">\n<div class=\"container\">\n<div class=\"row py-5 t-5\">\n<div class=\"col-12 col-sm-7 col-md-8 col-lg-7 col-xl-7\">\n<h3 class=\"pt-5 text-white\">\u00bfTe gustar\u00eda ver Edivolt en acci\u00f3n?<\/h3>\n<p class=\"text-white\">Solicita m\u00e1s informaci\u00f3n y \u00a1dile adi\u00f3s a los reportes de gastos en papel!<\/p>\n\n<\/div>\n<div id=\"llamenos\" class=\"col-12 col-lg-1 col-xl-1\"><\/div>\n<div class=\"col-12 col-sm-5 col-md-4 col-lg-4 col-xl-4 align-self-center\">\n                    <button class=\"estilobtnmod my-2 my-sm-0 text-white\" type=\"button\" data-toggle=\"modal\" data-target=\"#mymodal\">Solicita un demo <i class=\"fas fa-angle-right\"><\/i>\n<\/button><\/div>\n<\/div>\n<\/div>\n<\/div>","protected":false},"excerpt":{"rendered":"Integra tu ERP a Edivolt para optimizar el control administrativo y de operaci\u00f3n en tiempo real. Muchas opciones de integraci\u00f3n Ahorra tiempo con la integraci\u00f3n autom\u00e1tica a trav\u00e9s de los Web services, del intercambio de archivos o descarga manualmente las p\u00f3lizas y reportes en el portal. Datos en tiempo real Elimina procesos manuales, disminuye errores [&hellip;]","protected":false},"author":3,"featured_media":0,"parent":10,"menu_order":0,"comment_status":"closed","ping_status":"closed","template":"","meta":{"footnotes":""},"class_list":["post-76","page","type-page","status-publish","hentry"],"_links":{"self":[{"href":"https:\/\/edivolt.com\/es-mx\/wp-json\/wp\/v2\/pages\/76","targetHints":{"allow":["GET"]}}],"collection":[{"href":"https:\/\/edivolt.com\/es-mx\/wp-json\/wp\/v2\/pages"}],"about":[{"href":"https:\/\/edivolt.com\/es-mx\/wp-json\/wp\/v2\/types\/page"}],"author":[{"embeddable":true,"href":"https:\/\/edivolt.com\/es-mx\/wp-json\/wp\/v2\/users\/3"}],"replies":[{"embeddable":true,"href":"https:\/\/edivolt.com\/es-mx\/wp-json\/wp\/v2\/comments?post=76"}],"version-history":[{"count":14,"href":"https:\/\/edivolt.com\/es-mx\/wp-json\/wp\/v2\/pages\/76\/revisions"}],"predecessor-version":[{"id":857,"href":"https:\/\/edivolt.com\/es-mx\/wp-json\/wp\/v2\/pages\/76\/revisions\/857"}],"up":[{"embeddable":true,"href":"https:\/\/edivolt.com\/es-mx\/wp-json\/wp\/v2\/pages\/10"}],"wp:attachment":[{"href":"https:\/\/edivolt.com\/es-mx\/wp-json\/wp\/v2\/media?parent=76"}],"curies":[{"name":"wp","href":"https:\/\/api.w.org\/{rel}","templated":true}]}}