{"id":72,"date":"2021-01-14T22:40:16","date_gmt":"2021-01-14T22:40:16","guid":{"rendered":"https:\/\/edivolt.com\/es-mx\/?page_id=72"},"modified":"2021-07-14T18:55:38","modified_gmt":"2021-07-14T18:55:38","slug":"reportes-en-tiempo-real","status":"publish","type":"page","link":"https:\/\/edivolt.com\/es-mx\/gastos\/reportes-en-tiempo-real\/","title":{"rendered":"Reportes en tiempo real"},"content":{"rendered":"<!-- Header -->\n\n<header>\n<div class=\"container-fluid fondohg mt-5 pt-5\">\n<div class=\"container  main-banner banner-one margenesha\">\n<div class=\"row clearfix\">\n<div class=\"col-12 col-sm-12  col-md-7 col-lg-6 col-xl-6 align-self-center\">\n<h1 class=\"textohp \">Informaci\u00f3n confiable y al instante, que te aportar\u00e1 la visibilidad necesaria para una mejor toma de decisiones.<\/h1>\n<\/div>\n<div class=\"col-12 col-sm-12  col-md-5 col-lg-6 col-xl-6 ali cent-img\">\n                    <img decoding=\"async\" src=\"https:\/\/edivolt.com\/es-mx\/wp-content\/uploads\/sites\/2\/2021\/07\/reportes1.svg\" class=\"media-object img-fluid imgca\" alt=\"Informaci\u00f3n confiable y al instante\" title=\"Reportes en tiempo real\"\/><\/div>\n<\/div>\n<\/div>\n<\/div>\n<\/header>        <!-- Reportes espec\u00edficos -->\n<div class=\"container\">\n<div class=\"row py-5\">\n<div class=\"col-12 col-sm-12 col-md-5 col-lg-5 col-xl-5 cent-img esp-img\">\n                    <img decoding=\"async\" src=\"https:\/\/edivolt.com\/es-mx\/wp-content\/uploads\/sites\/2\/2021\/06\/reportes2.svg\" class=\"media-object img-fluid imgca2\" alt=\"Visualizaci\u00f3n de cada detalle del proceso\" title=\"Reportes espec\u00edficos\"\/><\/div>\n<div class=\"col-12 col-sm-12 col-md-7 col-lg-7 col-xl-7 align-self-center\">\n<h2 class=\"titulor tl mb-4\">Reportes para cada necesidad<\/h2>\nLos reportes de Edivolt Gastos te permiten visualizar r\u00e1pidamente cada detalle del proceso: el saldo de cada uno de tus empleados, c\u00f3mo se comportan tus tarjetas corporativas y hasta el estado del registro de cada documento en tu ERP.\n\n<\/div>\n<\/div>\n<\/div>\n<!-- Convierte los gr\u00e1ficos en informaci\u00f3n \u00fatil -->\n<div class=\"container-fluid fondoc\">\n<div class=\"container\">\n<div class=\"row py-5\">\n<div class=\"col-12 col-sm-12 col-md-7 col-lg-7 col-xl-7 align-self-center\">\n<h2 class=\"titulor tl mb-4\">Convierte los gr\u00e1ficos en informaci\u00f3n \u00fatil<\/h2>\nAnaliza los gastos desde un nivel macro con las gr\u00e1ficas interactivas que muestran un resumen general y profundiza hasta el nivel de detalle que necesitas.\n\n<\/div>\n<div class=\"col-12 col-sm-12 col-md-5 col-lg-5 col-xl-5 cent-img esp-img\">\n                        <img decoding=\"async\" src=\"https:\/\/edivolt.com\/es-mx\/wp-content\/uploads\/sites\/2\/2021\/06\/reportes3.svg\" class=\"media-object img-fluid imgca\" alt=\"An\u00e1lisis de los gastos\" title=\"Convierte los gr\u00e1ficos en informaci\u00f3n \u00fatil\"\/><\/div>\n<\/div>\n<\/div>\n<\/div>\n<!-- Listo para tus necesidades -->\n<div class=\"container\">\n<div class=\"row py-5\">\n<div class=\"col-12 col-sm-12 col-md-5 col-lg-5 col-xl-5 cent-img esp-img\">\n                    <img decoding=\"async\" src=\"https:\/\/edivolt.com\/es-mx\/wp-content\/uploads\/sites\/2\/2021\/07\/reportes4.svg\" class=\"media-object img-fluid\" alt=\"Reportes listos para usarse\" title=\"Reporte personalizado\"\/><\/div>\n<div class=\"col-12 col-sm-12 col-md-7 col-lg-7 col-xl-7 align-self-center\">\n<h2 class=\"titulor tl mb-4\">Reportes listos para usarse, o hechos a la medida<\/h2>\n\u00bfNecesitas un reporte personalizado con informaci\u00f3n adicional, o en un formato espec\u00edfico para importarlo en tu ERP? Ac\u00e9rcate a nosotros, nuestros especialistas lo desarrollar\u00e1n para ti.\n\n<\/div>\n<\/div>\n<\/div>\n<!-- Botones de navegaci\u00f3n -->\n<div class=\"container-fluid my-5\">\n<div class=\"container\">\n<div class=\"row\">\n<div class=\"col-12 col-sm-12 col-md-6 col-lg-5 col-xl-5 mb-3\">\n                <a class=\"btn btn-outline-primary btn-lg btn-block btn-nxt\" href=\"https:\/\/edivolt.com\/es-mx\/gastos\/aprobaciones\/\" role=\"button\"><i class=\"fas fa-angle-left icopl\"><\/i>Aprobaciones <\/a><\/div>\n<div class=\"d-md-none  d-lg-block d-xl-block col-lg-2 col-xl-2\"><\/div>\n<div class=\"col-12 col-sm-12 col-md-6 col-lg-5 col-xl-5 mb-3\">\n                <a class=\"btn btn-outline-primary btn-lg btn-block btn-nxt\" href=\"https:\/\/edivolt.com\/es-mx\/gastos\/personalizacion\/\" role=\"button\">Personalizaci\u00f3n <i class=\"fas fa-angle-right icop\"><\/i><\/a><\/div>\n<\/div>\n<\/div>\n<\/div>\n<!-- Obtenga una demostraci\u00f3n -->\n<!-- Obtenga una demostraci\u00f3n -->\n<div class=\"container-fluid fondod\" id=\"demo\">\n<div class=\"container\">\n<div class=\"row py-5 t-5\">\n<div class=\"col-12 col-sm-7 col-md-8 col-lg-7 col-xl-7\">\n<h3 class=\"pt-5 text-white\">\u00bfTe gustar\u00eda ver Edivolt en acci\u00f3n?<\/h3>\n<p class=\"text-white\">Solicita m\u00e1s informaci\u00f3n y \u00a1dile adi\u00f3s a los reportes de gastos en papel!<\/p>\n\n<\/div>\n<div id=\"llamenos\" class=\"col-12 col-lg-1 col-xl-1\"><\/div>\n<div class=\"col-12 col-sm-5 col-md-4 col-lg-4 col-xl-4 align-self-center\">\n                    <button class=\"estilobtnmod my-2 my-sm-0 text-white\" type=\"button\" data-toggle=\"modal\" data-target=\"#mymodal\">Solicita un demo <i class=\"fas fa-angle-right\"><\/i>\n<\/button><\/div>\n<\/div>\n<\/div>\n<\/div>","protected":false},"excerpt":{"rendered":"Informaci\u00f3n confiable y al instante, que te aportar\u00e1 la visibilidad necesaria para una mejor toma de decisiones. Reportes para cada necesidad Los reportes de Edivolt Gastos te permiten visualizar r\u00e1pidamente cada detalle del proceso: el saldo de cada uno de tus empleados, c\u00f3mo se comportan tus tarjetas corporativas y hasta el estado del registro de [&hellip;]","protected":false},"author":3,"featured_media":0,"parent":10,"menu_order":0,"comment_status":"closed","ping_status":"closed","template":"","meta":{"footnotes":""},"class_list":["post-72","page","type-page","status-publish","hentry"],"_links":{"self":[{"href":"https:\/\/edivolt.com\/es-mx\/wp-json\/wp\/v2\/pages\/72","targetHints":{"allow":["GET"]}}],"collection":[{"href":"https:\/\/edivolt.com\/es-mx\/wp-json\/wp\/v2\/pages"}],"about":[{"href":"https:\/\/edivolt.com\/es-mx\/wp-json\/wp\/v2\/types\/page"}],"author":[{"embeddable":true,"href":"https:\/\/edivolt.com\/es-mx\/wp-json\/wp\/v2\/users\/3"}],"replies":[{"embeddable":true,"href":"https:\/\/edivolt.com\/es-mx\/wp-json\/wp\/v2\/comments?post=72"}],"version-history":[{"count":19,"href":"https:\/\/edivolt.com\/es-mx\/wp-json\/wp\/v2\/pages\/72\/revisions"}],"predecessor-version":[{"id":865,"href":"https:\/\/edivolt.com\/es-mx\/wp-json\/wp\/v2\/pages\/72\/revisions\/865"}],"up":[{"embeddable":true,"href":"https:\/\/edivolt.com\/es-mx\/wp-json\/wp\/v2\/pages\/10"}],"wp:attachment":[{"href":"https:\/\/edivolt.com\/es-mx\/wp-json\/wp\/v2\/media?parent=72"}],"curies":[{"name":"wp","href":"https:\/\/api.w.org\/{rel}","templated":true}]}}