{"id":68,"date":"2021-01-14T22:39:13","date_gmt":"2021-01-14T22:39:13","guid":{"rendered":"https:\/\/edivolt.com\/es-mx\/?page_id=68"},"modified":"2021-07-12T19:01:24","modified_gmt":"2021-07-12T19:01:24","slug":"cumplimiento-de-politicas-corporativas","status":"publish","type":"page","link":"https:\/\/edivolt.com\/es-mx\/gastos\/cumplimiento-de-politicas-corporativas\/","title":{"rendered":"Cumplimiento de pol\u00edticas corporativas"},"content":{"rendered":"<!-- Header -->\n\n<header>\n<div class=\"container-fluid fondohg mt-5 pt-5\">\n<div class=\"container  main-banner banner-one margenesha\">\n<div class=\"row clearfix\">\n<div class=\"col-12 col-sm-12  col-md-7 col-lg-6 col-xl-6 align-self-center\">\n<h1 class=\"textohp \">Aumenta el nivel de cumplimiento y eficiencia en tus procesos, configurando Edivolt con tus pol\u00edticas internas.<\/h1>\n<\/div>\n<div class=\"col-12 col-sm-12  col-md-5 col-lg-6 col-xl-6 ali\">\n                    <img decoding=\"async\" src=\"https:\/\/edivolt.com\/es-mx\/wp-content\/uploads\/sites\/2\/2021\/07\/hpoliticas.svg\" class=\"media-object img-fluid\" alt=\"Pol\u00edticas corporativas\" title=\"Cumplimiento de pol\u00edticas corporativas\"\/><\/div>\n<\/div>\n<\/div>\n<\/div>\n<\/header> <!-- Asegura el cumplimento -->\n<div class=\"container-fluid fondoc\">\n<div class=\"container\">\n<div class=\"row py-5\">\n<div class=\"col-12 col-sm-12 col-md-5 col-lg-5 col-xl-5 cent-img esp-img\">\n                <img decoding=\"async\" src=\"https:\/\/edivolt.com\/es-mx\/wp-content\/uploads\/sites\/2\/2021\/05\/cumplimiento.svg\" class=\"media-object img-fluid imgca2\" alt=\"Asegura el cumplimiento\" title=\"Avisos emergentes\"\/><\/div>\n<div class=\"col-12 col-sm-12 col-md-7 col-lg-7 col-xl-7 align-self-center\">\n<h2 class=\"titulor tl mb-4\">Asegura el cumplimento<\/h2>\nPrograma avisos emergentes para alertar a tus usuarios sobre el incumplimiento de las pol\u00edticas al momento de solicitar un anticipo o ingresar un gasto.\n\n<\/div>\n<\/div>\n<\/div>\n<\/div>\n<!-- Objetivos y l\u00edmites -->\n<div class=\"container\">\n<div class=\"row py-5\">\n<div class=\"col-12 col-sm-12 col-md-7 col-lg-7 col-xl-7 align-self-center\">\n<h2 class=\"titulor tl mb-4\">Objetivos y l\u00edmites<\/h2>\nVincula tus pol\u00edticas internas dentro de Edivolt, define tus objetivos e incluye l\u00edmites de gasto por categor\u00eda para el control y optimizaci\u00f3n garantizando una mayor transparencia en los resultados.\n\n<\/div>\n<div class=\"col-12 col-sm-12 col-md-5 col-lg-5 col-xl-5 cent-img esp-img\">\n            <img decoding=\"async\" src=\"https:\/\/edivolt.com\/es-mx\/wp-content\/uploads\/sites\/2\/2021\/05\/objetivos.svg\" class=\"media-object img-fluid\" alt=\"Objetivos y l\u00edmites\" title=\"Vinculaci\u00f3n de pol\u00edticas internas\"\/><\/div>\n<\/div>\n<\/div>\n<!-- Botones de navegaci\u00f3n -->\n<div class=\"container-fluid my-5\">\n<div class=\"container\">\n<div class=\"row\">\n<div class=\"col-12 col-sm-12 col-md-6 col-lg-5 col-xl-5 mb-3\">\n                <a class=\"btn btn-outline-primary btn-lg btn-block btn-nxt\" href=\"https:\/\/edivolt.com\/es-mx\/gastos\/contabilizacion-automatica\/\" role=\"button\"><i class=\"fas fa-angle-left icopl\"><\/i>Contabilizaci\u00f3n autom\u00e1tica\n<\/a><\/div>\n<div class=\"d-md-none  d-lg-block d-xl-block col-lg-2 col-xl-2\"><\/div>\n<div class=\"col-12 col-sm-12 col-md-6 col-lg-5 col-xl-5 mb-3\">\n                <a class=\"btn btn-outline-primary btn-lg btn-block btn-nxt apb\" href=\"https:\/\/edivolt.com\/es-mx\/gastos\/aprobaciones\/\" role=\"button\">Aprobaciones<i class=\"fas fa-angle-right icop\"><\/i><\/a><\/div>\n<\/div>\n<\/div>\n<\/div>\n<!-- Obtenga una demostraci\u00f3n -->\n<!-- Obtenga una demostraci\u00f3n -->\n<div class=\"container-fluid fondod\" id=\"demo\">\n<div class=\"container\">\n<div class=\"row py-5 t-5\">\n<div class=\"col-12 col-sm-7 col-md-8 col-lg-7 col-xl-7\">\n<h3 class=\"pt-5 text-white\">\u00bfTe gustar\u00eda ver Edivolt en acci\u00f3n?<\/h3>\n<p class=\"text-white\">Solicita m\u00e1s informaci\u00f3n y \u00a1dile adi\u00f3s a los reportes de gastos en papel!<\/p>\n\n<\/div>\n<div id=\"llamenos\" class=\"col-12 col-lg-1 col-xl-1\"><\/div>\n<div class=\"col-12 col-sm-5 col-md-4 col-lg-4 col-xl-4 align-self-center\">\n                    <button class=\"estilobtnmod my-2 my-sm-0 text-white\" type=\"button\" data-toggle=\"modal\" data-target=\"#mymodal\">Solicita un demo <i class=\"fas fa-angle-right\"><\/i>\n<\/button><\/div>\n<\/div>\n<\/div>\n<\/div>","protected":false},"excerpt":{"rendered":"Aumenta el nivel de cumplimiento y eficiencia en tus procesos, configurando Edivolt con tus pol\u00edticas internas. Asegura el cumplimento Programa avisos emergentes para alertar a tus usuarios sobre el incumplimiento de las pol\u00edticas al momento de solicitar un anticipo o ingresar un gasto. Objetivos y l\u00edmites Vincula tus pol\u00edticas internas dentro de Edivolt, define tus [&hellip;]","protected":false},"author":3,"featured_media":0,"parent":10,"menu_order":0,"comment_status":"closed","ping_status":"closed","template":"","meta":{"footnotes":""},"class_list":["post-68","page","type-page","status-publish","hentry"],"_links":{"self":[{"href":"https:\/\/edivolt.com\/es-mx\/wp-json\/wp\/v2\/pages\/68","targetHints":{"allow":["GET"]}}],"collection":[{"href":"https:\/\/edivolt.com\/es-mx\/wp-json\/wp\/v2\/pages"}],"about":[{"href":"https:\/\/edivolt.com\/es-mx\/wp-json\/wp\/v2\/types\/page"}],"author":[{"embeddable":true,"href":"https:\/\/edivolt.com\/es-mx\/wp-json\/wp\/v2\/users\/3"}],"replies":[{"embeddable":true,"href":"https:\/\/edivolt.com\/es-mx\/wp-json\/wp\/v2\/comments?post=68"}],"version-history":[{"count":24,"href":"https:\/\/edivolt.com\/es-mx\/wp-json\/wp\/v2\/pages\/68\/revisions"}],"predecessor-version":[{"id":793,"href":"https:\/\/edivolt.com\/es-mx\/wp-json\/wp\/v2\/pages\/68\/revisions\/793"}],"up":[{"embeddable":true,"href":"https:\/\/edivolt.com\/es-mx\/wp-json\/wp\/v2\/pages\/10"}],"wp:attachment":[{"href":"https:\/\/edivolt.com\/es-mx\/wp-json\/wp\/v2\/media?parent=68"}],"curies":[{"name":"wp","href":"https:\/\/api.w.org\/{rel}","templated":true}]}}