{"id":657,"date":"2021-06-30T18:45:40","date_gmt":"2021-06-30T18:45:40","guid":{"rendered":"https:\/\/edivolt.com\/es-mx\/?page_id=657"},"modified":"2021-07-16T16:45:04","modified_gmt":"2021-07-16T16:45:04","slug":"te-gustaria-ver-edivolt-en-accion","status":"publish","type":"page","link":"https:\/\/edivolt.com\/es-mx\/te-gustaria-ver-edivolt-en-accion\/","title":{"rendered":"\u00bfTe gustar\u00eda ver Edivolt en acci\u00f3n?"},"content":{"rendered":"<!-- Obtenga una demostraci\u00f3n -->\n<div class=\"container-fluid fondod\" id=\"demo\">\n<div class=\"container\">\n<div class=\"row py-5 t-5\">\n<div class=\"col-12 col-sm-7 col-md-8 col-lg-7 col-xl-7\">\n<h3 class=\"pt-5 text-white\">\u00bfTe gustar\u00eda ver Edivolt en acci\u00f3n?<\/h3>\n<p class=\"text-white\">Solicita m\u00e1s informaci\u00f3n y \u00a1dile adi\u00f3s a los reportes de gastos en papel!<\/p>\n\n<\/div>\n<div id=\"llamenos\" class=\"col-12 col-lg-1 col-xl-1\"><\/div>\n<div class=\"col-12 col-sm-5 col-md-4 col-lg-4 col-xl-4 align-self-center\">\n                    <button class=\"estilobtnmod my-2 my-sm-0 text-white\" type=\"button\" data-toggle=\"modal\" data-target=\"#mymodal\">Solicita un demo <i class=\"fas fa-angle-right\"><\/i>\n<\/button><\/div>\n<\/div>\n<\/div>\n<\/div>","protected":false},"excerpt":{"rendered":"\u00bfTe gustar\u00eda ver Edivolt en acci\u00f3n? Solicita m\u00e1s informaci\u00f3n y \u00a1dile adi\u00f3s a los reportes de gastos en papel! Solicita un demo","protected":false},"author":1,"featured_media":0,"parent":0,"menu_order":0,"comment_status":"closed","ping_status":"closed","template":"","meta":{"footnotes":""},"class_list":["post-657","page","type-page","status-publish","hentry"],"_links":{"self":[{"href":"https:\/\/edivolt.com\/es-mx\/wp-json\/wp\/v2\/pages\/657","targetHints":{"allow":["GET"]}}],"collection":[{"href":"https:\/\/edivolt.com\/es-mx\/wp-json\/wp\/v2\/pages"}],"about":[{"href":"https:\/\/edivolt.com\/es-mx\/wp-json\/wp\/v2\/types\/page"}],"author":[{"embeddable":true,"href":"https:\/\/edivolt.com\/es-mx\/wp-json\/wp\/v2\/users\/1"}],"replies":[{"embeddable":true,"href":"https:\/\/edivolt.com\/es-mx\/wp-json\/wp\/v2\/comments?post=657"}],"version-history":[{"count":3,"href":"https:\/\/edivolt.com\/es-mx\/wp-json\/wp\/v2\/pages\/657\/revisions"}],"predecessor-version":[{"id":671,"href":"https:\/\/edivolt.com\/es-mx\/wp-json\/wp\/v2\/pages\/657\/revisions\/671"}],"wp:attachment":[{"href":"https:\/\/edivolt.com\/es-mx\/wp-json\/wp\/v2\/media?parent=657"}],"curies":[{"name":"wp","href":"https:\/\/api.w.org\/{rel}","templated":true}]}}