{"id":52,"date":"2021-01-14T22:26:45","date_gmt":"2021-01-14T22:26:45","guid":{"rendered":"https:\/\/edivolt.com\/es-mx\/?page_id=52"},"modified":"2021-07-19T13:44:09","modified_gmt":"2021-07-19T13:44:09","slug":"comprobacion-de-gastos","status":"publish","type":"page","link":"https:\/\/edivolt.com\/es-mx\/gastos\/comprobacion-de-gastos\/","title":{"rendered":"Comprobaci\u00f3n de gastos"},"content":{"rendered":"<!-- Header -->\n\n<header>\n<div class=\"container-fluid fondohg mt-5 pt-5\">\n<div class=\"container main-banner banner-one margenesha\">\n<div class=\"row clearfix\">\n<div class=\"col-12 col-sm-12 col-md-7 col-lg-6 col-xl-6 align-self-center\">\n<h1 class=\"textohp \">Aumenta la productividad con la carga autom\u00e1tica de gastos y haz m\u00e1s din\u00e1mica tu comprobaci\u00f3n.<\/h1>\n<\/div>\n<div class=\"col-12 col-sm-12 col-md-5 col-lg-6 col-xl-6 ali cent-img\">\n\t\t\t\t\t<img decoding=\"async\" src=\"https:\/\/edivolt.com\/es-mx\/wp-content\/uploads\/sites\/2\/2021\/05\/hcomprobaciones.svg\" class=\"media-object img-fluid imgca\" alt=\"Proceso de comprobaci\u00f3n de gastos\" title=\"Comprobaci\u00f3n de gastos\"\/><\/div>\n<\/div>\n<\/div>\n<\/div>\n<\/header> <!-- Soluciones \u00fatiles -->\n<div class=\"container py-5\">\n<h2 class=\"ta col-12 pb-4 titulohg\">Soluciones \u00fatiles que <span class=\"titulor\">reducen errores <\/span>al momento de <span class=\"titulor\">capturar tus facturas <\/span>con su interfaz de <span class=\"titulor\">reconocimento de datos <\/span><\/h2>\n<div class=\"row\">\n<div class=\"col-12 col-sm-12 col-md-12 col-lg-6 col-xl-6 cardcmp\">\n<div class=\"img-card\">\n\t\t\t\t<img decoding=\"async\" class=\"card-img-top\" src=\"https:\/\/edivolt.com\/es-mx\/wp-content\/uploads\/sites\/2\/2021\/05\/carga.svg\" alt=\"Carga desde cualquier dispositivo\" title=\"Practicidad\"\/><\/div>\n<div class=\"card-body\">\n<p class=\"card-text\">\n\t\t\t\t\tCarga tus CFDI\u2019s desde un dispositivo m\u00f3vil, equipo de c\u00f3mputo o env\u00edalos a tu propio buz\u00f3n especializado, para evitar la p\u00e9rdida de tus facturas y validar su autenticidad.<\/p>\n\n<\/div>\n<\/div>\n<div class=\"col-12 col-sm-12 col-md-12 col-lg-6 col-xl-6 cardcmp esp\">\n<div class=\"img-card\">\n\t\t\t\t<img decoding=\"async\" class=\"card-img-top\" src=\"https:\/\/edivolt.com\/es-mx\/wp-content\/uploads\/sites\/2\/2021\/06\/extraccion.svg\" alt=\"Extracci\u00f3n autom\u00e1tica de la informaci\u00f3n\" title=\"Extracci\u00f3n autom\u00e1tica\"\/><\/div>\n<div class=\"card-body\">\n<p class=\"card-text\">\n\t\t\t\t\tEdivolt extrae la informaci\u00f3n de tus comprobantes en autom\u00e1tico, ya sea con una fotograf\u00eda de tus tickets o una factura electr\u00f3nica, gracias a su tecnolog\u00eda de inteligencia artificial.<\/p>\n\n<\/div>\n<\/div>\n<\/div>\n<\/div>\n<!-- Dale seguimiento -->\n<div class=\"container-fluid fondoc\">\n<div class=\"container\">\n<div class=\"row py-5\">\n<div class=\"col-12 col-sm-12 col-md-7 col-lg-7 col-xl-7 align-self-center\">\n<h2 class=\"titulor tl mb-4\">Dale seguimiento<\/h2>\nVisualiza en el panel, las comprobaciones que se encuentran vinculadas con las solicitudes de anticipo anteriormente aprobadas y conoce el estado en el que se encuentran.\n\n<\/div>\n<div class=\"col-12 col-sm-12 col-md-5 col-lg-5 col-xl-5 cent-img esp-img\">\n\t\t\t\t<img decoding=\"async\" src=\"https:\/\/edivolt.com\/es-mx\/wp-content\/uploads\/sites\/2\/2021\/05\/seguimiento.svg\" class=\"media-object img-fluid imgca\" alt=\"Seguimiento de las comprobaciones\" title=\"Seguimiento de las comprobaciones\"\/><\/div>\n<\/div>\n<\/div>\n<\/div>\n<!-- Controla los diferentes tipos de comprobaciones -->\n<div class=\"container\">\n<div class=\"row py-5\">\n<div class=\"col-12 col-sm-12 col-md-5 col-lg-5 col-xl-5 cent-img esp-img\">\n\t\t\t<img decoding=\"async\" src=\"https:\/\/edivolt.com\/es-mx\/wp-content\/uploads\/sites\/2\/2021\/05\/control-dif.svg\" class=\"media-object img-fluid\" alt=\"Comprobaciones de caja chica, de anticipos, de tarjetas corporativas\" title=\"Diferentes tipos de comprobaciones\"\/><\/div>\n<div class=\"col-12 col-sm-12 col-md-7 col-lg-7 col-xl-7\">\n<h2 class=\"titulor tl mb-4\">Controla los diferentes tipos de comprobaciones:<\/h2>\n<div class=\"media\">\n\t\t\t\t<img decoding=\"async\" src=\"https:\/\/edivolt.com\/es-mx\/wp-content\/uploads\/sites\/2\/2021\/02\/vineta.svg\" class=\"align-self-start mt-1\" style=\"width:20px\" alt=\"Vi\u00f1eta\" title=\"Vi\u00f1eta\"\/>\n<div class=\"media-body mb-3\">\n\n\t\t\t\t\tSolicitud de anticipos o reembolsos\n\n<\/div>\n<\/div>\n<div class=\"media\">\n\t\t\t\t<img decoding=\"async\" src=\"https:\/\/edivolt.com\/es-mx\/wp-content\/uploads\/sites\/2\/2021\/02\/vineta.svg\" class=\"align-self-start mt-1\" style=\"width:20px\" alt=\"Vi\u00f1eta\" title=\"Vi\u00f1eta\"\/>\n<div class=\"media-body mb-3\">\n\nCargos en tus tarjetas corporativas\n\n<\/div>\n<\/div>\n<div class=\"media\">\n\t\t\t\t<img decoding=\"async\" src=\"https:\/\/edivolt.com\/es-mx\/wp-content\/uploads\/sites\/2\/2021\/02\/vineta.svg\" class=\"align-self-start mt-1\" style=\"width:20px\" alt=\"Vi\u00f1eta\" title=\"Vi\u00f1eta\"\/>\n<div class=\"media-body mb-3\">\n\n\t\t\t\t\tComprobaci\u00f3n de cajas chicas\n\n<\/div>\n<\/div>\n<div class=\"media\">\n\t\t\t\t<img decoding=\"async\" src=\"https:\/\/edivolt.com\/es-mx\/wp-content\/uploads\/sites\/2\/2021\/02\/vineta.svg\" class=\"align-self-start mt-1\" style=\"width:20px\" alt=\"Vi\u00f1eta\" title=\"Vi\u00f1eta\"\/>\n<div class=\"media-body mb-3\">\n\n\t\t\t\t\tRegistro de itinerario\n\n<\/div>\n<\/div>\n<\/div>\n<\/div>\n<\/div>\n<!-- Botones de navegaci\u00f3n -->\n<div class=\"container-fluid my-5\">\n<div class=\"container\">\n<div class=\"row\">\n<div class=\"col-12 col-sm-12 col-md-6 col-lg-5 col-xl-5 mb-3\">\n\t\t\t\t<a class=\"btn btn-outline-primary btn-lg btn-block btn-nxt\" href=\"https:\/\/edivolt.com\/es-mx\/gastos\/gestion-de-anticipos\/\" role=\"button\"><i class=\"fas fa-angle-left icopl\"><\/i>Gesti\u00f3n de\nanticipos<\/a><\/div>\n<div class=\"d-md-none  d-lg-block d-xl-block col-lg-2 col-xl-2\"><\/div>\n<div class=\"col-12 col-sm-12 col-md-6 col-lg-5 col-xl-5 mb-3\">\n\t\t\t\t<a class=\"btn btn-outline-primary btn-lg btn-block btn-nxt\" href=\"https:\/\/edivolt.com\/es-mx\/gastos\/validacion-de-facturas-electronicas\/\" role=\"button\">Validaci\u00f3n de\nfacturas electr\u00f3nicas\t<i class=\"fas fa-angle-right icop\"><\/i><\/a><\/div>\n<\/div>\n<\/div>\n<\/div>\n<!-- Obtenga una demostraci\u00f3n -->\n\n<!-- Obtenga una demostraci\u00f3n -->\n<div class=\"container-fluid fondod\" id=\"demo\">\n<div class=\"container\">\n<div class=\"row py-5 t-5\">\n<div class=\"col-12 col-sm-7 col-md-8 col-lg-7 col-xl-7\">\n<h3 class=\"pt-5 text-white\">\u00bfTe gustar\u00eda ver Edivolt en acci\u00f3n?<\/h3>\n<p class=\"text-white\">Solicita m\u00e1s informaci\u00f3n y \u00a1dile adi\u00f3s a los reportes de gastos en papel!<\/p>\n\n<\/div>\n<div id=\"llamenos\" class=\"col-12 col-lg-1 col-xl-1\"><\/div>\n<div class=\"col-12 col-sm-5 col-md-4 col-lg-4 col-xl-4 align-self-center\">\n                    <button class=\"estilobtnmod my-2 my-sm-0 text-white\" type=\"button\" data-toggle=\"modal\" data-target=\"#mymodal\">Solicita un demo <i class=\"fas fa-angle-right\"><\/i>\n<\/button><\/div>\n<\/div>\n<\/div>\n<\/div>","protected":false},"excerpt":{"rendered":"Aumenta la productividad con la carga autom\u00e1tica de gastos y haz m\u00e1s din\u00e1mica tu comprobaci\u00f3n. Soluciones \u00fatiles que reducen errores al momento de capturar tus facturas con su interfaz de reconocimento de datos Carga tus CFDI\u2019s desde un dispositivo m\u00f3vil, equipo de c\u00f3mputo o env\u00edalos a tu propio buz\u00f3n especializado, para evitar la p\u00e9rdida de [&hellip;]","protected":false},"author":3,"featured_media":0,"parent":10,"menu_order":0,"comment_status":"closed","ping_status":"closed","template":"","meta":{"footnotes":""},"class_list":["post-52","page","type-page","status-publish","hentry"],"_links":{"self":[{"href":"https:\/\/edivolt.com\/es-mx\/wp-json\/wp\/v2\/pages\/52","targetHints":{"allow":["GET"]}}],"collection":[{"href":"https:\/\/edivolt.com\/es-mx\/wp-json\/wp\/v2\/pages"}],"about":[{"href":"https:\/\/edivolt.com\/es-mx\/wp-json\/wp\/v2\/types\/page"}],"author":[{"embeddable":true,"href":"https:\/\/edivolt.com\/es-mx\/wp-json\/wp\/v2\/users\/3"}],"replies":[{"embeddable":true,"href":"https:\/\/edivolt.com\/es-mx\/wp-json\/wp\/v2\/comments?post=52"}],"version-history":[{"count":24,"href":"https:\/\/edivolt.com\/es-mx\/wp-json\/wp\/v2\/pages\/52\/revisions"}],"predecessor-version":[{"id":986,"href":"https:\/\/edivolt.com\/es-mx\/wp-json\/wp\/v2\/pages\/52\/revisions\/986"}],"up":[{"embeddable":true,"href":"https:\/\/edivolt.com\/es-mx\/wp-json\/wp\/v2\/pages\/10"}],"wp:attachment":[{"href":"https:\/\/edivolt.com\/es-mx\/wp-json\/wp\/v2\/media?parent=52"}],"curies":[{"name":"wp","href":"https:\/\/api.w.org\/{rel}","templated":true}]}}