{"id":1103,"date":"2022-11-04T20:00:42","date_gmt":"2022-11-04T20:00:42","guid":{"rendered":"https:\/\/edivolt.com\/es-mx\/?page_id=1103"},"modified":"2022-11-07T20:18:34","modified_gmt":"2022-11-07T20:18:34","slug":"monitor-de-cancelaciones","status":"publish","type":"page","link":"https:\/\/edivolt.com\/es-mx\/monitor-de-cancelaciones\/","title":{"rendered":"Monitor de Cancelaciones"},"content":{"rendered":"<!-- Header -->\n\n<header>\n<div class=\"container-fluid fondohg pt-5 mb-5\">\n<div class=\"container flex-column justify-content-center align-items-start main-banner banner-one margeneshg\">\n<div class=\"row clearfix\">\n<div class=\"col-12 col-sm-6 col-md-7 col-lg-6 col-xl-6 align-self-center\">\n<img decoding=\"async\" class=\"img-fluid\" src=\"https:\/\/edivolt.com\/es-mx\/wp-content\/uploads\/sites\/2\/2022\/11\/mc-logo-monitor-cancelaciones-01.svg\" title=\"Monitor de cancelaciones\"\/>\n<div class=\"row\" style=\"color: #1B3E6E;\">La herramienta que tu empresa necesita para gestionar las solicitudes de cancelaci\u00f3n de tus proveedores de forma colaborativa y segura.<\/div>\n<\/div>\n<div class=\"col-12 col-sm-6 col-md-5 col-lg-6 col-xl-6 ali\">\n<img decoding=\"async\" class=\"img-fluid\" src=\"https:\/\/edivolt.com\/es-mx\/wp-content\/uploads\/sites\/2\/2022\/11\/mc-monitorcancelaciones01.svg\"\/><\/div>\n<\/div>\n<\/div>\n<\/div>\n<\/header><!-- Descripci\u00f3n -->\n<div class=\"container-fluid\">\n<div class=\"container my-5\">\n<div class=\"row\">\n<div class=\"col-12 col-sm-6 col-md-6 col-lg-6 col-xl-6 align-self-center mb-5\"><img decoding=\"async\" class=\"img-fluid\" title=\"Toma el control\" src=\"https:\/\/edivolt.com\/es-mx\/wp-content\/uploads\/sites\/2\/2022\/11\/mc-img-monitorcancelaciones.svg\"\/><\/div>\n<div class=\"align-self-center col-12 col-sm-6 col-md-6 col-lg-6 col-xl-6\">\n<h2 class=\"titulohg\">Toma control en tus procesos contables y <span class=\"resaltars\">evita cancelaciones<\/span> de facturas pagadas.<\/h2>\nCon Edivolt puedes consultar y responder a las solicitudes de cancelaci\u00f3n que te env\u00eden tus proveedores sin tener que ingresar al portal del SAT. Olv\u00eddate de las complejidades, evita las cancelaciones por plazo vencido y minimiza los riesgos en tus deducciones fiscales.\n\n<\/div>\n<\/div>\n<\/div>\n<\/div>\n<!-- Principales beneficios -->\n<h2 class=\"ta col-12 pb-4 titulohg\"><span class=\"titulor\"> Descubre sus beneficios:<\/span><\/h2>\n<div class=\"container-fluid\" style=\"background-color: #ffffff;\">\n<div class=\"container py-5\">\n<div class=\"row\">\n<div class=\"col-12 col-sm-12 col-md-4 col-lg-4 col-xl-4 cardgb\">\n<div class=\"img-card\"><img decoding=\"async\" class=\"card-img-top\" title=\"Practicidad\" src=\"https:\/\/edivolt.com\/es-mx\/wp-content\/uploads\/sites\/2\/2022\/11\/mc-practicidad.svg\"\/><\/div>\n<div class=\"card-body\">\n<h2 class=\"subtitulop\">Practicidad<\/h2>\n<p class=\"card-text\">Olv\u00eddate del Buz\u00f3n Tributario, de la CIEC y la FIEL. Gestiona todas las solicitudes de cancelaci\u00f3n con un solo click.<\/p>\n\n<\/div>\n<\/div>\n<div class=\"col-12 col-sm-12 col-md-4 col-lg-4 col-xl-4 cardgb esp\">\n<div class=\"img-card\"><img decoding=\"async\" class=\"card-img-top\" title=\"Rapidez\" src=\"https:\/\/edivolt.com\/es-mx\/wp-content\/uploads\/sites\/2\/2022\/11\/mc-rapidez.svg\"\/><\/div>\n<div class=\"card-body\">\n<h2 class=\"subtitulop\">Rapidez<\/h2>\n<p class=\"card-text\">Evita problemas en la contabilidad de tus impuestos, recibe notificaciones en tiempo real y evita cancelaciones autom\u00e1ticas de las facturas que no deb\u00edan cancelarse.<\/p>\n\n<\/div>\n<\/div>\n<div class=\"col-12 col-sm-12 col-md-4 col-lg-4 col-xl-4 cardgb\">\n<div class=\"img-card\"><img decoding=\"async\" class=\"card-img-top\" title=\"Efectividad\" src=\"https:\/\/edivolt.com\/es-mx\/wp-content\/uploads\/sites\/2\/2022\/11\/mc-efectividad.svg\"\/><\/div>\n<div class=\"card-body\">\n<h2 class=\"subtitulop\">Efectividad<\/h2>\n<p class=\"card-text\">Es muy sencillo asignar a los miembros adecuados de tu equipo para responder y dar seguimiento a dichas solicitudes de cancelaci\u00f3n.<\/p>\n\n<\/div>\n<\/div>\n<\/div>\n<\/div>\n<\/div>\n<!-- M\u00f3dulos del sistema -->\n<div class=\"container-fluid fondoc pb-5\">\n<div class=\"container\">\n<h2 class=\"ta col-12 py-5 titulohg\">As\u00ed funciona el <span class=\"titulor\">Monitor de Cancelaciones<\/span> de Edivolt<\/h2>\n<div class=\"row\">\n<div class=\"col-12 col-md-4 col-lg-3 my-3\">\n<div class=\"cardc p-0 m-auto h-100\">\n<div class=\"card-body\">\n<div class=\"illm\">\n  <img decoding=\"async\" src=\"https:\/\/edivolt.com\/es-mx\/wp-content\/uploads\/sites\/2\/2022\/11\/mc-funciona01-monitoreo.svg\" title=\"Edivolt Monitorea\"\/><\/div>\n<!--\/.illm -->\nEdivolt monitorea en tiempo real todas las solicitudes de cancelaci\u00f3n en el SAT.\n\n<\/div>\n<!--\/.card-body -->\n\n<\/div>\n<!--\/.cardc -->\n\n<\/div>\n<!--\/.col-lg-3 -->\n<div class=\"col-12 col-md-4 col-lg-3 my-3\">\n<div class=\"cardc p-0 m-auto h-100\">\n<div class=\"card-body\">\n<div class=\"illm\">\n  <img decoding=\"async\" src=\"https:\/\/edivolt.com\/es-mx\/wp-content\/uploads\/sites\/2\/2022\/11\/mc-funciona02-notificaciones.svg\" title=\"Recibe notificaciones\"\/><\/div>\n<!--\/.illm -->\nRecibe al instante notificaciones por correo inform\u00e1ndote de las nuevas solicitudes.\n\n<\/div>\n<!--\/.card-body -->\n\n<\/div>\n<!--\/.cardc -->\n\n<\/div>\n<!--\/.col-lg-3 -->\n<div class=\"col-12 col-md-4 col-lg-3 my-3\">\n<div class=\"cardc p-0 m-auto h-100\">\n<div class=\"card-body\">\n<div class=\"illm\">\n  <img decoding=\"async\" src=\"https:\/\/edivolt.com\/es-mx\/wp-content\/uploads\/sites\/2\/2022\/11\/mc-funciona03-consulta-01.svg\" title=\"Consulta toda la informaci\u00f3n\"\/><\/div>\n<!--\/.illm -->\nVisualiza en Edivolt las facturas que tus proveedores requieren cancelar y aprueba o rech\u00e1zalas con un solo click.\n\n<\/div>\n<!--\/.card-body -->\n\n<\/div>\n<!--\/.cardc -->\n\n<\/div>\n<!--\/.col-lg-3 -->\n<div class=\"col-12 col-md-4 col-lg-3 my-3\">\n<div class=\"cardc p-0 m-auto h-100\">\n<div class=\"card-body\">\n<div class=\"illm\">\n  <img decoding=\"async\" src=\"https:\/\/edivolt.com\/es-mx\/wp-content\/uploads\/sites\/2\/2022\/11\/mc-funciona04-satrespuesta-01.svg\" title=\"Respuesta inmediata\"\/><\/div>\n<!--\/.illm -->\nEl SAT recibe tu respuesta al instante, y notifica a tus proveedores sobre tu decisi\u00f3n.\n\n<\/div>\n<!--\/.card-body -->\n\n<\/div>\n<!--\/.cardc -->\n\n<\/div>\n<!--\/.col-lg-3 -->\n\n<\/div>\n<!--\/.row -->\n\n<\/div>\n<\/div>\n<!-- el complemento perfecto -->\n<div class=\"container-fluid\" style=\"background-color: #ffffff;\">\n<div class=\"container my-5\">\n<h2 class=\"ta col-12 pb-4 titulohg\"><span class=\"titulor\"> El complemento perfecto<\/span><\/h2>\n<div class=\"row\">\n<div class=\"col-12 col-sm-12 col-md-6 col-lg-6 col-xl-6\">\n  <img decoding=\"async\" src=\"https:\/\/edivolt.com\/es-mx\/wp-content\/uploads\/sites\/2\/2022\/11\/mc-complemento-01.svg\"\/><\/div>\n<!-- \/ ilustracion izquierda -->\n<div class=\"col-12 col-sm-12 col-md-6 col-lg-6 col-xl-6\">\n<p style=\"color: #1B3E6E; font-size: 20px;\">Si ya cuentas con otros m\u00f3dulos de Edivolt como <span class=\"resaltars\">Gastos<\/span> y\/o <span class=\"resaltars\">Proveedores<\/span> podr\u00e1s ver en el Monitor toda la informaci\u00f3n del CFDI* que se est\u00e1 solicitando cancelar. Puedes saber si forma parte de alg\u00fan reporte de gastos, una solicitud de pago&#8230; \u00a1o incluso si ya la pagaste!<\/p>\n<p style=\"font-size: 12px;\">* El CFDI debe estar almacenado en los m\u00f3dulos adicionales de Edivolt<\/p>\n\n<\/div>\n<\/div>\n<!-- \/.row -->\n\n<\/div>\n<!-- \/.container py-5 -->\n\n<\/div>\n<!-- \/.container-fluid -->\n\n<!-- Invertir en resultados -->\n<div class=\"container align-self-center py-5 my-5\">\n<h2 class=\"pb-5 titulor\">El Monitor de Cancelaciones de Edivolt es invertir en resultados<\/h2>\n<div class=\"row\">\n<div class=\"py-3 col-sm-12 col-md-6 col-lg-6 col-xl-6\">\n<div class=\"media\">\n<div class=\"media-left media-top mr-4\"><img decoding=\"async\" class=\"media-object wid\" title=\"Rentable\" src=\"https:\/\/edivolt.com\/es-mx\/wp-content\/themes\/edivolt21\/images\/empresas\/inve4.png\" alt=\"Moneda\"\/><\/div>\n<div class=\"media-body\">\n<h3 class=\"invr\">Rentable<\/h3>\nExcelente relaci\u00f3n costo-beneficio\nque produce ahorros.\n\n<\/div>\n<\/div>\n<\/div>\n<div class=\"py-3 col-sm-12 col-md-6 col-lg-6 col-xl-6\">\n<div class=\"media\">\n<div class=\"media-left media-top mr-4\"><img decoding=\"async\" class=\"media-object wid\" title=\"Robusto\" src=\"https:\/\/edivolt.com\/es-mx\/wp-content\/themes\/edivolt21\/images\/empresas\/inve1.png\" alt=\"Mapa de sitio\"\/><\/div>\n<div class=\"media-body\">\n<h3 class=\"invr\">Robusto<\/h3>\nCreado para soportar miles\nde procesos simult\u00e1neos.\n\n<\/div>\n<\/div>\n<\/div>\n<\/div>\n<div class=\"row\">\n<div class=\"py-3 col-sm-12 col-md-6 col-lg-6 col-xl-6\">\n<div class=\"media\">\n<div class=\"media-left media-top mr-4\"><img decoding=\"async\" class=\"media-object wid\" title=\"Seguro\" src=\"https:\/\/edivolt.com\/es-mx\/wp-content\/themes\/edivolt21\/images\/empresas\/inve3.png\" alt=\"Escudo\"\/><\/div>\n<div class=\"media-body\">\n<h3 class=\"invr\">Seguro<\/h3>\nControl de acceso, respaldo y\nprotecci\u00f3n a la informaci\u00f3n.\n\n<\/div>\n<\/div>\n<\/div>\n<div class=\"py-3 col-sm-12 col-md-6 col-lg-6 col-xl-6\">\n<div class=\"media\">\n<div class=\"media-left media-top mr-4\"><img decoding=\"async\" class=\"media-object wid\" title=\"Soporte y mantenimiento\" src=\"https:\/\/edivolt.com\/es-mx\/wp-content\/themes\/edivolt21\/images\/empresas\/inve2.png\" alt=\"Soporte y mantenimiento\"\/><\/div>\n<div class=\"media-body\">\n<h3 class=\"invr\">Soporte y mantenimiento<\/h3>\nActualizaciones y asistencia a\ntodos los usuarios.\n\n<\/div>\n<\/div>\n<\/div>\n<\/div>\n<\/div>\n<!-- Obtenga una demostraci\u00f3n -->\n<!-- Obtenga una demostraci\u00f3n -->\n<div class=\"container-fluid fondod\" id=\"demo\">\n<div class=\"container\">\n<div class=\"row py-5 t-5\">\n<div class=\"col-12 col-sm-7 col-md-8 col-lg-7 col-xl-7\">\n<h3 class=\"pt-5 text-white\">\u00bfTe gustar\u00eda ver Edivolt en acci\u00f3n?<\/h3>\n<p class=\"text-white\">Solicita m\u00e1s informaci\u00f3n y \u00a1dile adi\u00f3s a los reportes de gastos en papel!<\/p>\n\n<\/div>\n<div id=\"llamenos\" class=\"col-12 col-lg-1 col-xl-1\"><\/div>\n<div class=\"col-12 col-sm-5 col-md-4 col-lg-4 col-xl-4 align-self-center\">\n                    <button class=\"estilobtnmod my-2 my-sm-0 text-white\" type=\"button\" data-toggle=\"modal\" data-target=\"#mymodal\">Solicita un demo <i class=\"fas fa-angle-right\"><\/i>\n<\/button><\/div>\n<\/div>\n<\/div>\n<\/div>","protected":false},"excerpt":{"rendered":"La herramienta que tu empresa necesita para gestionar las solicitudes de cancelaci\u00f3n de tus proveedores de forma colaborativa y segura. Toma control en tus procesos contables y evita cancelaciones de facturas pagadas. Con Edivolt puedes consultar y responder a las solicitudes de cancelaci\u00f3n que te env\u00eden tus proveedores sin tener que ingresar al portal del [&hellip;]","protected":false},"author":1,"featured_media":0,"parent":0,"menu_order":0,"comment_status":"closed","ping_status":"closed","template":"","meta":{"footnotes":""},"class_list":["post-1103","page","type-page","status-publish","hentry"],"_links":{"self":[{"href":"https:\/\/edivolt.com\/es-mx\/wp-json\/wp\/v2\/pages\/1103","targetHints":{"allow":["GET"]}}],"collection":[{"href":"https:\/\/edivolt.com\/es-mx\/wp-json\/wp\/v2\/pages"}],"about":[{"href":"https:\/\/edivolt.com\/es-mx\/wp-json\/wp\/v2\/types\/page"}],"author":[{"embeddable":true,"href":"https:\/\/edivolt.com\/es-mx\/wp-json\/wp\/v2\/users\/1"}],"replies":[{"embeddable":true,"href":"https:\/\/edivolt.com\/es-mx\/wp-json\/wp\/v2\/comments?post=1103"}],"version-history":[{"count":36,"href":"https:\/\/edivolt.com\/es-mx\/wp-json\/wp\/v2\/pages\/1103\/revisions"}],"predecessor-version":[{"id":1177,"href":"https:\/\/edivolt.com\/es-mx\/wp-json\/wp\/v2\/pages\/1103\/revisions\/1177"}],"wp:attachment":[{"href":"https:\/\/edivolt.com\/es-mx\/wp-json\/wp\/v2\/media?parent=1103"}],"curies":[{"name":"wp","href":"https:\/\/api.w.org\/{rel}","templated":true}]}}