{"id":95,"date":"2021-07-14T15:04:25","date_gmt":"2021-07-14T15:04:25","guid":{"rendered":"https:\/\/edivolt.com\/es\/?page_id=95"},"modified":"2021-07-15T23:11:26","modified_gmt":"2021-07-15T23:11:26","slug":"validacion-de-facturas-electronicas","status":"publish","type":"page","link":"http:\/\/edivolt.com\/es\/gastos\/validacion-de-facturas-electronicas\/","title":{"rendered":"Validaci\u00f3n de facturas electr\u00f3nicas"},"content":{"rendered":"<!-- Header -->\n\n<header>\n<div class=\"container-fluid fondohg mt-5 pt-5\">\n<div class=\"container  main-banner banner-one margenesha\">\n<div class=\"row clearfix\">\n<div class=\"col-12 col-sm-12  col-md-7 col-lg-6 col-xl-6 align-self-center\">\n<h1 class=\"textohp \">Validamos cada detalle de tus facturas electr\u00f3nicas para asegurarte que cumplan con las leyes fiscales.<\/h1>\n<\/div>\n<div class=\"col-12 col-sm-12  col-md-5 col-lg-6 col-xl-6 ali cent-img\">\n                    <img decoding=\"async\" src=\"http:\/\/edivolt.com\/wp-content\/uploads\/2021\/07\/validacionf.svg\" class=\"media-object img-fluid\" alt=\"Validaci\u00f3n de facturas electr\u00f3nicas\" title=\"Validaci\u00f3n de facturas electr\u00f3nicas\"\/><\/div>\n<\/div>\n<\/div>\n<\/div>\n<\/header><!-- Autenticidad de tus facturas -->\n<div class=\"container\">\n<div class=\"row py-5\">\n<div class=\"col-12 col-sm-12 col-md-5 col-lg-5 col-xl-5 cent-img esp-img\">\n            <img decoding=\"async\" src=\"https:\/\/edivolt.com\/es-mx\/wp-content\/uploads\/sites\/2\/2021\/06\/detecta.svg\" class=\"media-object img-fluid imgca2\" alt=\"\u201cAutenticidad de tus facturas\" title=\"Autenticidad de tus facturas\"\/><\/div>\n<div class=\"col-12 col-sm-12 col-md-7 col-lg-7 col-xl-7 align-self-center\">\n<h2 class=\"titulor tl mb-4\">Autenticidad de tus facturas<\/h2>\nComprueba la autenticidad de tus facturas electr\u00f3nicas y asegura el cumplimiento de las reglas de negocio teniendo un control continuo.\n\n<\/div>\n<\/div>\n<\/div>\n<!-- Reglas de negocio -->\n<div class=\"container-fluid fondoc\">\n<div class=\"container\">\n<div class=\"row py-5\">\n<div class=\"col-12 col-sm-12 col-md-7 col-lg-7 col-xl-7 align-self-center\">\n<h2 class=\"titulor tl mb-4\">Reglas de negocio<\/h2>\nVerifica autom\u00e1ticamente el cumplimiento de tus reglas de negocio: Identificador fiscal, lugar de emisi\u00f3n, fechas, tolerancias, etc\u00e9tera.\n\n<\/div>\n<div class=\"col-12 col-sm-12 col-md-5 col-lg-5 col-xl-5 cent-img esp-img\">\n                <img decoding=\"async\" src=\"https:\/\/edivolt.com\/es-mx\/wp-content\/uploads\/sites\/2\/2021\/06\/reglas-n.svg\" class=\"media-object img-fluid imgca\" alt=\"\u201cVerifica el cumplimiento\" title=\"\u201cCumplimiento de reglas de negocio\"\/><\/div>\n<\/div>\n<\/div>\n<\/div>\n<!-- Tipos de validaci\u00f3n fiscal en tiempo real -->\n<div class=\"container-fluid\">\n<div class=\"container\">\n<div class=\"row py-5\">\n<div class=\"col-12 col-sm-12 cent-img\">\n<h2 class=\"titulor mb-4\">Tipos de validaci\u00f3n fiscal en tiempo real<\/h2>\n<img decoding=\"async\" src=\"http:\/\/edivolt.com\/wp-content\/uploads\/2021\/07\/einvoice.svg\" class=\"img-cfdi\" alt=\"Tipos de validaci\u00f3n fiscal\" title=\"Tipos de validaci\u00f3n\"\/>\n\n<\/div>\n<\/div>\n<\/div>\n<\/div>\n<!-- Botones de navegaci\u00f3n -->\n<div class=\"container-fluid my-5\">\n<div class=\"container\">\n<div class=\"row\">\n<div class=\"col-12 col-sm-12 col-md-6 col-lg-5 col-xl-5 mb-3\">\n                <a class=\"btn btn-outline-primary btn-lg btn-block btn-nxt\" href=\"https:\/\/edivolt.com\/es\/gastos\/comprobacion-de-gastos\/\" role=\"button\"><i class=\"fas fa-angle-left icopl\"><\/i>Comprobaci\u00f3n\nde gastos<\/a><\/div>\n<div class=\"d-md-none  d-lg-block d-xl-block col-lg-2 col-xl-2\"><\/div>\n<div class=\"col-12 col-sm-12 col-md-6 col-lg-5 col-xl-5 mb-3\">\n                <a class=\"btn btn-outline-primary btn-lg btn-block btn-nxt\" href=\"https:\/\/edivolt.com\/es\/gastos\/integracion-de-tarjetas-corporativas\/\" role=\"button\">Integraci\u00f3n de\ntarjetas corporativas<i class=\"fas fa-angle-right icop\"><\/i><\/a><\/div>\n<\/div>\n<\/div>\n<\/div>\n<!-- Obtenga una demostraci\u00f3n -->\n<!-- Obtenga una demostraci\u00f3n -->\n<div class=\"container-fluid fondod\" id=\"demo\">\n<div class=\"container\">\n<div class=\"row py-5 t-5\">\n<div class=\"col-12 col-sm-7 col-md-8 col-lg-7 col-xl-7\">\n<h3 class=\"pt-5 text-white\">\u00bfTe gustar\u00eda ver Edivolt en acci\u00f3n?<\/h3>\n<p class=\"text-white\">Solicita m\u00e1s informaci\u00f3n y \u00a1dile adi\u00f3s a los reportes de gastos en papel!<\/p>\n\n<\/div>\n<div id=\"llamenos\" class=\"col-12 col-lg-1 col-xl-1\"><\/div>\n<div class=\"col-12 col-sm-5 col-md-4 col-lg-4 col-xl-4 align-self-center\">\n                    <button class=\"estilobtnmod my-2 my-sm-0 text-white\" type=\"button\" data-toggle=\"modal\" data-target=\"#mymodal\">Solicita un demo <i class=\"fas fa-angle-right\"><\/i>\n<\/button><\/div>\n<\/div>\n<\/div>\n<\/div>","protected":false},"excerpt":{"rendered":"Validamos cada detalle de tus facturas electr\u00f3nicas para asegurarte que cumplan con las leyes fiscales. Autenticidad de tus facturas Comprueba la autenticidad de tus facturas electr\u00f3nicas y asegura el cumplimiento de las reglas de negocio teniendo un control continuo. Reglas de negocio Verifica autom\u00e1ticamente el cumplimiento de tus reglas de negocio: Identificador fiscal, lugar de [&hellip;]","protected":false},"author":2,"featured_media":0,"parent":10,"menu_order":0,"comment_status":"closed","ping_status":"closed","template":"","meta":{"footnotes":""},"class_list":["post-95","page","type-page","status-publish","hentry"],"_links":{"self":[{"href":"http:\/\/edivolt.com\/es\/wp-json\/wp\/v2\/pages\/95","targetHints":{"allow":["GET"]}}],"collection":[{"href":"http:\/\/edivolt.com\/es\/wp-json\/wp\/v2\/pages"}],"about":[{"href":"http:\/\/edivolt.com\/es\/wp-json\/wp\/v2\/types\/page"}],"author":[{"embeddable":true,"href":"http:\/\/edivolt.com\/es\/wp-json\/wp\/v2\/users\/2"}],"replies":[{"embeddable":true,"href":"http:\/\/edivolt.com\/es\/wp-json\/wp\/v2\/comments?post=95"}],"version-history":[{"count":10,"href":"http:\/\/edivolt.com\/es\/wp-json\/wp\/v2\/pages\/95\/revisions"}],"predecessor-version":[{"id":201,"href":"http:\/\/edivolt.com\/es\/wp-json\/wp\/v2\/pages\/95\/revisions\/201"}],"up":[{"embeddable":true,"href":"http:\/\/edivolt.com\/es\/wp-json\/wp\/v2\/pages\/10"}],"wp:attachment":[{"href":"http:\/\/edivolt.com\/es\/wp-json\/wp\/v2\/media?parent=95"}],"curies":[{"name":"wp","href":"https:\/\/api.w.org\/{rel}","templated":true}]}}