{"id":144,"date":"2021-07-14T18:10:36","date_gmt":"2021-07-14T18:10:36","guid":{"rendered":"https:\/\/edivolt.com\/es\/?page_id=144"},"modified":"2021-07-14T18:35:33","modified_gmt":"2021-07-14T18:35:33","slug":"te-gustaria-ver-edivolt-en-accion","status":"publish","type":"page","link":"http:\/\/edivolt.com\/es\/te-gustaria-ver-edivolt-en-accion\/","title":{"rendered":"\u00bfTe gustar\u00eda ver Edivolt en acci\u00f3n?"},"content":{"rendered":"<!-- Obtenga una demostraci\u00f3n -->\n<div class=\"container-fluid fondod\" id=\"demo\">\n<div class=\"container\">\n<div class=\"row py-5 t-5\">\n<div class=\"col-12 col-sm-7 col-md-8 col-lg-7 col-xl-7\">\n<h3 class=\"pt-5 text-white\">\u00bfTe gustar\u00eda ver Edivolt en acci\u00f3n?<\/h3>\n<p class=\"text-white\">Solicita m\u00e1s informaci\u00f3n y \u00a1dile adi\u00f3s a los reportes de gastos en papel!<\/p>\n\n<\/div>\n<div id=\"llamenos\" class=\"col-12 col-lg-1 col-xl-1\"><\/div>\n<div class=\"col-12 col-sm-5 col-md-4 col-lg-4 col-xl-4 align-self-center\">\n                    <button class=\"estilobtnmod my-2 my-sm-0 text-white\" type=\"button\" data-toggle=\"modal\" data-target=\"#mymodal\">Solicita un demo <i class=\"fas fa-angle-right\"><\/i>\n<\/button><\/div>\n<\/div>\n<\/div>\n<\/div>","protected":false},"excerpt":{"rendered":"\u00bfTe gustar\u00eda ver Edivolt en acci\u00f3n? Solicita m\u00e1s informaci\u00f3n y \u00a1dile adi\u00f3s a los reportes de gastos en papel! Solicita un demo","protected":false},"author":1,"featured_media":0,"parent":0,"menu_order":0,"comment_status":"closed","ping_status":"closed","template":"","meta":{"footnotes":""},"class_list":["post-144","page","type-page","status-publish","hentry"],"_links":{"self":[{"href":"http:\/\/edivolt.com\/es\/wp-json\/wp\/v2\/pages\/144","targetHints":{"allow":["GET"]}}],"collection":[{"href":"http:\/\/edivolt.com\/es\/wp-json\/wp\/v2\/pages"}],"about":[{"href":"http:\/\/edivolt.com\/es\/wp-json\/wp\/v2\/types\/page"}],"author":[{"embeddable":true,"href":"http:\/\/edivolt.com\/es\/wp-json\/wp\/v2\/users\/1"}],"replies":[{"embeddable":true,"href":"http:\/\/edivolt.com\/es\/wp-json\/wp\/v2\/comments?post=144"}],"version-history":[{"count":1,"href":"http:\/\/edivolt.com\/es\/wp-json\/wp\/v2\/pages\/144\/revisions"}],"predecessor-version":[{"id":146,"href":"http:\/\/edivolt.com\/es\/wp-json\/wp\/v2\/pages\/144\/revisions\/146"}],"wp:attachment":[{"href":"http:\/\/edivolt.com\/es\/wp-json\/wp\/v2\/media?parent=144"}],"curies":[{"name":"wp","href":"https:\/\/api.w.org\/{rel}","templated":true}]}}