{"id":10,"date":"2020-12-22T20:40:16","date_gmt":"2020-12-22T20:40:16","guid":{"rendered":"https:\/\/edivolt.com\/es-mx\/?page_id=10"},"modified":"2021-07-14T18:11:52","modified_gmt":"2021-07-14T18:11:52","slug":"gastos","status":"publish","type":"page","link":"http:\/\/edivolt.com\/es\/gastos\/","title":{"rendered":"Gastos"},"content":{"rendered":"<!-- Header -->\n\n<header>\n<div class=\"container-fluid fondohg pt-5 mb-5\">\n<div class=\"container flex-column justify-content-center align-items-start main-banner banner-one margeneshg\">\n<div class=\"row clearfix\">\n<div class=\"col-12 col-sm-6 col-md-7 col-lg-6 col-xl-6 align-self-center\">\n<h1 class=\"textohg\">Edivolt <span class=\"hg\">Gastos<\/span><\/h1>\n<span data-typedstrings=\"Controla,Administra,Ahorra,Valida,Comprueba,Integra\" class=\"typed-holder hg-c\"><\/span>\n<div class=\"row\">\n                        <img decoding=\"async\" src=\"https:\/\/edivolt.com\/es-mx\/wp-content\/uploads\/sites\/2\/2021\/07\/playstore.svg\" class=\"gstore ml-3\" alt=\"Play Store\" title=\"Play Store\"\/>\n<img decoding=\"async\" src=\"https:\/\/edivolt.com\/es-mx\/wp-content\/uploads\/sites\/2\/2021\/07\/appstore.svg\" class=\"gstore ml-4\" alt=\"App Store\" title=\"App Store\"\/><\/div>\n<\/div>\n<div class=\"col-12 col-sm-6 col-md-5 col-lg-6 col-xl-6 ali\"><img decoding=\"async\" class=\"media-object img-fluid imght ilheg\" title=\"Edivolt Gastos\" alt=\"Edivolt Gastos\" src=\"https:\/\/edivolt.com\/es-mx\/wp-content\/themes\/edivolt21\/images\/svg\/iconohg.svg\"\/><\/div>\n<\/div>\n<\/div>\n<\/div>\n<\/header><!-- Descripci\u00f3n -->\n<div class=\"container-fluid\">\n<div class=\"container my-5\">\n<div class=\"row\">\n<div class=\"col-12 col-sm-6 col-md-6 col-lg-6 col-xl-6 align-self-center mb-5\"><img decoding=\"async\" class=\"img-fluid\" title=\"Mejor visibilidad de los gastos\" alt=\"Gr\u00e1ficas empleadas en Edivolt Gastos\" src=\"https:\/\/edivolt.com\/es-mx\/wp-content\/themes\/edivolt21\/images\/svg\/img-gastos.svg\"\/><\/div>\n<div class=\"align-self-center col-12 col-sm-6 col-md-6 col-lg-6 col-xl-6\">\n<h2 class=\"titulohg\">Obt\u00e9n <span class=\"resaltars\">visibilidad<\/span> y <span class=\"resaltars\">asegura<\/span> el cumplimiento de tus <span class=\"resaltars\">pol\u00edticas\ncorporativas<\/span><\/h2>\n<\/div>\n<\/div>\n<\/div>\n<\/div>\n<!-- Principales beneficios -->\n<h2 class=\"ta col-12 pb-4 titulohg\">Toma el<span class=\"titulor\"> control de tus gastos<\/span> con la soluci\u00f3n <span class=\"titulor\">m\u00e1s completa <\/span>del mercado<\/h2>\n<div class=\"container-fluid\" style=\"background-color: #ffffff;\">\n<div class=\"container py-5\">\n<div class=\"row\">\n<div class=\"col-12 col-sm-12 col-md-4 col-lg-4 col-xl-4 cardgb\">\n<div class=\"img-card\"><img decoding=\"async\" class=\"card-img-top\" title=\"Practicidad\" alt=\"Ahorro de tiempo creando reportes de gastos\" src=\"https:\/\/edivolt.com\/es-mx\/wp-content\/themes\/edivolt21\/images\/svg\/optimizacion.svg\"\/><\/div>\n<div class=\"card-body\">\n<h2 class=\"subtitulop\">\u00a1Hazlo r\u00e1pido!<\/h2>\n<p class=\"card-text\">Obt\u00e9n tus reportes de gastos de una manera \u00f3ptima y f\u00e1cil reduciendo tus tiempos de trabajo.<\/p>\n\n<\/div>\n<\/div>\n<div class=\"col-12 col-sm-12 col-md-4 col-lg-4 col-xl-4 cardgb esp\">\n<div class=\"img-card\"><img decoding=\"async\" class=\"card-img-top\" title=\"Deducibilidad\" alt=\"Asegure la deducibilidad de sus gastos corporativos\" src=\"https:\/\/edivolt.com\/es-mx\/wp-content\/themes\/edivolt21\/images\/svg\/deducibilidad.svg\"\/><\/div>\n<div class=\"card-body\">\n<h2 class=\"subtitulop\">\u00a1Hazlo deducible!<\/h2>\n<p class=\"card-text\">Logra una mejor rentabilidad de tu empresa asegurando la deducibilidad de los gastos corporativos.<\/p>\n\n<\/div>\n<\/div>\n<div class=\"col-12 col-sm-12 col-md-4 col-lg-4 col-xl-4 cardgb\">\n<div class=\"img-card\"><img decoding=\"async\" class=\"card-img-top\" title=\"Integraci\u00f3n con ERP\" alt=\"Integraci\u00f3n con ERP\" src=\"https:\/\/edivolt.com\/es-mx\/wp-content\/themes\/edivolt21\/images\/svg\/integracion.svg\"\/><\/div>\n<div class=\"card-body\">\n<h2 class=\"subtitulop\">\u00a1Hazlo integral!<\/h2>\n<p class=\"card-text\">Evita errores y trabajar el doble al conectar tu ERP con Edivolt.<\/p>\n\n<\/div>\n<\/div>\n<\/div>\n<\/div>\n<\/div>\n<!-- M\u00f3dulos del sistema -->\n<div class=\"container-fluid fondoc pb-5\">\n<div class=\"container\">\n<h2 class=\"ta col-12 py-5 titulohg\">Conoce<span class=\"titulor\"> las funcionalidades <\/span> que hacen posible <span class=\"titulor\">esta soluci\u00f3n <\/span><\/h2>\n<div class=\"row\">\n<div class=\"col-12 col-md-4 col-lg-3 my-3\">\n<div class=\"cardc p-0 m-auto h-100\">\n                    <a href=\"https:\/\/edivolt.com\/es\/gastos\/gestion-de-anticipos\/\">\n<div class=\"card-body\">\n<div class=\"illm\"><img decoding=\"async\" src=\"https:\/\/edivolt.com\/es-mx\/wp-content\/themes\/edivolt21\/images\/svg\/sg1.svg\" alt=\"Gesti\u00f3n de anticipos\" title=\"Gesti\u00f3n de anticipos\"\/><\/div>\n<h3 class=\" card-text card-title text-center\">Gesti\u00f3n de anticipos<\/h3>\n<\/div>\n<\/a><a href=\"https:\/\/edivolt.com\/es\/gastos\/gestion-de-anticipos\/\"><\/a><a href=\"https:\/\/edivolt.com\/es\/gastos\/gestion-de-anticipos\/\"><\/a><a href=\"https:\/\/edivolt.com\/es\/gastos\/gestion-de-anticipos\/\"><\/a><a href=\"https:\/\/edivolt.com\/es\/gastos\/gestion-de-anticipos\/\"><\/a><a href=\"https:\/\/edivolt.com\/es\/gastos\/gestion-de-anticipos\/\"><\/a>\n\n<\/div>\n<\/div>\n<div class=\"col-12 col-md-4 col-lg-3 my-3\">\n<div class=\"cardc p-0 m-auto h-100\">\n                    <a href=\"https:\/\/edivolt.com\/es\/gastos\/comprobacion-de-gastos\/\">\n<div class=\"card-body\">\n<div class=\"illm\"><img decoding=\"async\" src=\"https:\/\/edivolt.com\/es-mx\/wp-content\/themes\/edivolt21\/images\/svg\/sg2.svg\" alt=\"Comprobaci\u00f3n de gastos\" title=\"Comprobaci\u00f3n de gastos\"\/><\/div>\n<h3 class=\" card-text card-title text-center\">Comprobaci\u00f3n de gastos<\/h3>\n<\/div>\n<\/a><a href=\"https:\/\/edivolt.com\/es\/gastos\/comprobacion-de-gastos\/\"><\/a><a href=\"https:\/\/edivolt.com\/es\/gastos\/comprobacion-de-gastos\/\"><\/a><a href=\"https:\/\/edivolt.com\/es\/gastos\/comprobacion-de-gastos\/\"><\/a><a href=\"https:\/\/edivolt.com\/es\/gastos\/comprobacion-de-gastos\/\"><\/a><a href=\"https:\/\/edivolt.com\/es\/gastos\/comprobacion-de-gastos\/\"><\/a><a href=\"https:\/\/edivolt.com\/es\/gastos\/comprobacion-de-gastos\/\"><\/a>\n\n<\/div>\n<\/div>\n<div class=\"col-12 col-md-4 col-lg-3 my-3\">\n<div class=\"cardc p-0 m-auto h-100\">\n                    <a href=\"https:\/\/edivolt.com\/es\/gastos\/validacion-de-facturas-electronicas\/\">\n<div class=\"card-body\">\n<div class=\"illm\"><img decoding=\"async\" src=\"https:\/\/edivolt.com\/es-mx\/wp-content\/themes\/edivolt21\/images\/svg\/sg3.svg\" alt=\"Validaci\u00f3n de CFDI's\" title=\"Validaci\u00f3n de CFDI'S\"\/><\/div>\n<h3 class=\" card-text card-title text-center\">Validaci\u00f3n de facturas electr\u00f3nicas<\/h3>\n<\/div>\n<\/a><a href=\"https:\/\/edivolt.com\/es\/gastos\/validacion-de-facturas-electronicas\/\"><\/a><a href=\"https:\/\/edivolt.com\/es\/gastos\/validacion-de-facturas-electronicas\/\"><\/a><a href=\"https:\/\/edivolt.com\/es\/gastos\/validacion-de-facturas-electronicas\/\"><\/a><a href=\"https:\/\/edivolt.com\/es\/gastos\/validacion-de-facturas-electronicas\/\"><\/a><a href=\"https:\/\/edivolt.com\/es\/gastos\/validacion-de-facturas-electronicas\/\"><\/a><a href=\"https:\/\/edivolt.com\/es\/gastos\/validacion-de-facturas-electronicas\/\"> <\/a>\n\n<\/div>\n<\/div>\n<div class=\"col-12 col-md-4 col-lg-3 my-3\">\n<div class=\"cardc p-0 m-auto h-100\">\n                    <a href=\"https:\/\/edivolt.com\/es\/gastos\/integracion-de-tarjetas-corporativas\/\">\n<div class=\"card-body\">\n<div class=\"illm\"><img decoding=\"async\" src=\"https:\/\/edivolt.com\/es-mx\/wp-content\/themes\/edivolt21\/images\/svg\/sg4.svg\" alt=\"Tarjetas corporativas\" title=\"Tarjetas corporativas\"\/><\/div>\n<h3 class=\" card-text card-title text-center\">Integraci\u00f3n de tarjetas corporativas<\/h3>\n<\/div>\n<\/a><a href=\"https:\/\/edivolt.com\/es\/gastos\/integracion-de-tarjetas-corporativas\/\"><\/a><a href=\"https:\/\/edivolt.com\/es\/gastos\/integracion-de-tarjetas-corporativas\/\"><\/a><a href=\"https:\/\/edivolt.com\/es\/gastos\/integracion-de-tarjetas-corporativas\/\"><\/a><a href=\"https:\/\/edivolt.com\/es\/gastos\/integracion-de-tarjetas-corporativas\/\"><\/a><a href=\"https:\/\/edivolt.com\/es\/gastos\/integracion-de-tarjetas-corporativas\/\"><\/a><a href=\"https:\/\/edivolt.com\/es\/gastos\/integracion-de-tarjetas-corporativas\/\"><\/a>\n\n<\/div>\n<\/div>\n<div class=\"col-12 col-md-4 col-lg-3 my-3\">\n<div class=\"cardc p-0 m-auto h-100\">\n                    <a href=\"https:\/\/edivolt.com\/es\/gastos\/cajas-chicas-y-fondos-revolventes\/\">\n<div class=\"card-body\">\n<div class=\"illm\"><img decoding=\"async\" src=\"https:\/\/edivolt.com\/es-mx\/wp-content\/themes\/edivolt21\/images\/svg\/sg8.svg\" alt=\"Cajas chicas\" title=\"Cajas chicas\"\/><\/div>\n<h3 class=\" card-text card-title text-center\">Cajas chicas y fondos revolventes<\/h3>\n<\/div>\n<\/a><a href=\"https:\/\/edivolt.com\/es\/gastos\/cajas-chicas-y-fondos-revolventes\/\"><\/a><a href=\"https:\/\/edivolt.com\/es\/gastos\/cajas-chicas-y-fondos-revolventes\/\"><\/a><a href=\"https:\/\/edivolt.com\/es\/gastos\/cajas-chicas-y-fondos-revolventes\/\"><\/a><a href=\"https:\/\/edivolt.com\/es\/gastos\/cajas-chicas-y-fondos-revolventes\/\"><\/a><a href=\"https:\/\/edivolt.com\/es\/gastos\/cajas-chicas-y-fondos-revolventes\/\"><\/a><a href=\"https:\/\/edivolt.com\/es\/gastos\/cajas-chicas-y-fondos-revolventes\/\"> <\/a>\n\n<\/div>\n<\/div>\n<div class=\"col-12 col-md-4 col-lg-3 my-3\">\n<div class=\"cardc p-0 m-auto h-100\">\n                    <a href=\"https:\/\/edivolt.com\/es\/gastos\/reglas-fiscales\/\">\n<div class=\"card-body\">\n<div class=\"illm\"><img decoding=\"async\" src=\"https:\/\/edivolt.com\/es-mx\/wp-content\/themes\/edivolt21\/images\/svg\/sg7.svg\" alt=\"Reglas fiscales\" title=\"Reglas fiscales\"\/><\/div>\n<h3 class=\" card-text card-title text-center\">Reglas fiscales<\/h3>\n<\/div>\n<\/a><a href=\"https:\/\/edivolt.com\/es\/gastos\/reglas-fiscales\/\"><\/a><a href=\"https:\/\/edivolt.com\/es\/gastos\/reglas-fiscales\/\"><\/a><a href=\"https:\/\/edivolt.com\/es\/gastos\/reglas-fiscales\/\"><\/a><a href=\"https:\/\/edivolt.com\/es\/gastos\/reglas-fiscales\/\"><\/a><a href=\"https:\/\/edivolt.com\/es\/gastos\/reglas-fiscales\/\"><\/a><a href=\"https:\/\/edivolt.com\/es\/gastos\/reglas-fiscales\/\"><\/a><a href=\"https:\/\/edivolt.com\/es\/gastos\/reglas-fiscales\/\"><\/a>\n\n<\/div>\n<\/div>\n<div class=\"col-12 col-md-4 col-lg-3 my-3\">\n<div class=\"cardc p-0 m-auto h-100\">\n                    <a href=\"https:\/\/edivolt.com\/es\/gastos\/contabilizacion-automatica\/\">\n<div class=\"card-body\">\n<div class=\"illm\"><img decoding=\"async\" src=\"https:\/\/edivolt.com\/es\/wp-content\/themes\/edivolt21\/images\/svg\/sg6.svg\" alt=\"Contabilizaci\u00f3n autom\u00e1tica\" title=\"Contabilizaci\u00f3n autom\u00e1tica\"\/><\/div>\n<h3 class=\" card-text card-title text-center\">Contabilizaci\u00f3n autom\u00e1tica<\/h3>\n<\/div>\n<\/a><a href=\"https:\/\/edivolt.com\/es\/gastos\/contabilizacion-automatica\/\"><\/a><a href=\"https:\/\/edivolt.com\/es\/gastos\/contabilizacion-automatica\/\"><\/a><a href=\"https:\/\/edivolt.com\/es\/gastos\/contabilizacion-automatica\/\"><\/a><a href=\"https:\/\/edivolt.com\/es\/gastos\/contabilizacion-automatica\/\"><\/a><a href=\"https:\/\/edivolt.com\/es\/gastos\/contabilizacion-automatica\/\"><\/a><a href=\"https:\/\/edivolt.com\/es\/gastos\/contabilizacion-automatica\/\"><\/a><a href=\"https:\/\/edivolt.com\/es\/gastos\/contabilizacion-automatica\/\"> <\/a>\n\n<\/div>\n<\/div>\n<div class=\"col-12 col-md-4 col-lg-3 my-3\">\n<div class=\"cardc p-0 m-auto h-100\">\n                    <a href=\"https:\/\/edivolt.com\/es\/gastos\/cumplimiento-de-politicas-corporativas\/\">\n<div class=\"card-body\">\n<div class=\"illm\"><img decoding=\"async\" src=\"https:\/\/edivolt.com\/es-mx\/wp-content\/themes\/edivolt21\/images\/svg\/sg5.svg\" alt=\"Cumplimiento de pol\u00edticas\" title=\"Cumplimiento de pol\u00edticas\"\/><\/div>\n<h3 class=\" card-text card-title text-center\">Cumplimiento de pol\u00edticas corporativas<\/h3>\n<\/div>\n<\/a><a href=\"https:\/\/edivolt.com\/es\/gastos\/cumplimiento-de-politicas-corporativas\/\"><\/a><a href=\"https:\/\/edivolt.com\/es\/gastos\/cumplimiento-de-politicas-corporativas\/\"><\/a><a href=\"https:\/\/edivolt.com\/es\/gastos\/cumplimiento-de-politicas-corporativas\/\"><\/a><a href=\"https:\/\/edivolt.com\/es\/gastos\/cumplimiento-de-politicas-corporativas\/\"><\/a><a href=\"https:\/\/edivolt.com\/es\/gastos\/cumplimiento-de-politicas-corporativas\/\"><\/a><a href=\"https:\/\/edivolt.com\/es\/gastos\/cumplimiento-de-politicas-corporativas\/\"><\/a><a href=\"https:\/\/edivolt.com\/es\/gastos\/cumplimiento-de-politicas-corporativas\/\"> <\/a>\n\n<\/div>\n<\/div>\n<div class=\"col-12 col-md-4 col-lg-3 my-3\">\n<div class=\"cardc p-0 m-auto h-100\">\n                    <a href=\"https:\/\/edivolt.com\/es\/gastos\/aprobaciones\/\">\n<div class=\"card-body\">\n<div class=\"illm\"><img decoding=\"async\" src=\"https:\/\/edivolt.com\/es-mx\/wp-content\/themes\/edivolt21\/images\/svg\/sg12.svg\" alt=\"Aprobaci\u00f3n\" title=\"Aprobaci\u00f3n\"\/><\/div>\n<h3 class=\" card-text card-title text-center\">Aprobaciones<\/h3>\n<\/div>\n<\/a><a href=\"https:\/\/edivolt.com\/es\/gastos\/aprobaciones\/\"><\/a><a href=\"https:\/\/edivolt.com\/es\/gastos\/aprobaciones\/\"><\/a><a href=\"https:\/\/edivolt.com\/es\/gastos\/aprobaciones\/\"><\/a><a href=\"https:\/\/edivolt.com\/es\/gastos\/aprobaciones\/\"><\/a><a href=\"https:\/\/edivolt.com\/es\/gastos\/aprobaciones\/\"><\/a><a href=\"https:\/\/edivolt.com\/es\/gastos\/aprobaciones\/\"><\/a><a href=\"https:\/\/edivolt.com\/es\/gastos\/aprobaciones\/\"><\/a>\n\n<\/div>\n<\/div>\n<div class=\"col-12 col-md-4 col-lg-3 my-3\">\n<div class=\"cardc p-0 m-auto h-100\">\n                    <a href=\"https:\/\/edivolt.com\/es\/gastos\/reportes-en-tiempo-real\/\">\n<div class=\"card-body\">\n<div class=\"illm\"><img decoding=\"async\" src=\"https:\/\/edivolt.com\/es-mx\/wp-content\/themes\/edivolt21\/images\/svg\/sg11.svg\" alt=\"Reportes\" title=\"Reportes\"\/><\/div>\n<h3 class=\" card-text card-title text-center\">Reportes en tiempo real<\/h3>\n<\/div>\n<\/a><a href=\"https:\/\/edivolt.com\/es\/gastos\/reportes-en-tiempo-real\/\"><\/a><a href=\"https:\/\/edivolt.com\/es\/gastos\/reportes-en-tiempo-real\/\"><\/a><a href=\"https:\/\/edivolt.com\/es\/gastos\/reportes-en-tiempo-real\/\"><\/a><a href=\"https:\/\/edivolt.com\/es\/gastos\/reportes-en-tiempo-real\/\"><\/a><a href=\"https:\/\/edivolt.com\/es\/gastos\/reportes-en-tiempo-real\/\"><\/a><a href=\"https:\/\/edivolt.com\/es\/gastos\/reportes-en-tiempo-real\/\"><\/a><a href=\"https:\/\/edivolt.com\/es\/gastos\/reportes-en-tiempo-real\/\"><\/a>\n\n<\/div>\n<\/div>\n<div class=\"col-12 col-md-4 col-lg-3 my-3\">\n<div class=\"cardc p-0 m-auto h-100\">\n                    <a href=\"https:\/\/edivolt.com\/es\/gastos\/personalizacion\/\">\n<div class=\"card-body\">\n<div class=\"illm\"><img decoding=\"async\" src=\"https:\/\/edivolt.com\/es-mx\/wp-content\/themes\/edivolt21\/images\/svg\/sg10.svg\" alt=\"Personaliza\" title=\"Personaliza\"\/><\/div>\n<h3 class=\"card-text card-title text-center\">Personalizaci\u00f3n<\/h3>\n<\/div>\n<\/a><a href=\"https:\/\/edivolt.com\/es\/gastos\/personalizacion\/\"><\/a><a href=\"https:\/\/edivolt.com\/es\/gastos\/personalizacion\/\"><\/a><a href=\"https:\/\/edivolt.com\/es\/gastos\/personalizacion\/\"><\/a><a href=\"https:\/\/edivolt.com\/es\/gastos\/personalizacion\/\"><\/a><a href=\"https:\/\/edivolt.com\/es\/gastos\/personalizacion\/\"><\/a><a href=\"https:\/\/edivolt.com\/es\/gastos\/personalizacion\/\"><\/a><a href=\"https:\/\/edivolt.com\/es\/gastos\/personalizacion\/\"><\/a>\n\n<\/div>\n<\/div>\n<div class=\"col-12 col-md-4 col-lg-3 my-3\">\n<div class=\"cardc p-0 m-auto h-100\">\n                    <a href=\"https:\/\/edivolt.com\/es\/gastos\/integracion-con-erps\/\">\n<div class=\"card-body\">\n<div class=\"illm\"><img decoding=\"async\" src=\"https:\/\/edivolt.com\/es-mx\/wp-content\/themes\/edivolt21\/images\/svg\/sg9.svg\" alt=\"Integraci\u00f3n con ERP'S\" title=\"Integraci\u00f3n con ERP'S\"\/><\/div>\n<h3 class=\" card-text card-title text-center\">Integraci\u00f3n con ERP&#8217;S<\/h3>\n<\/div>\n<\/a><a href=\"https:\/\/edivolt.com\/es\/gastos\/integracion-con-erps\/\"><\/a><a href=\"https:\/\/edivolt.com\/es\/gastos\/integracion-con-erps\/\"><\/a><a href=\"https:\/\/edivolt.com\/es\/gastos\/integracion-con-erps\/\"><\/a><a href=\"https:\/\/edivolt.com\/es\/gastos\/integracion-con-erps\/\"><\/a><a href=\"https:\/\/edivolt.com\/es\/gastos\/integracion-con-erps\/\"><\/a><a href=\"https:\/\/edivolt.com\/es\/gastos\/integracion-con-erps\/\"><\/a><a href=\"https:\/\/edivolt.com\/es\/gastos\/integracion-con-erps\/\"><\/a>\n\n<\/div>\n<\/div>\n<\/div>\n<\/div>\n<\/div>\n<!-- Invertir en resultados -->\n<div class=\"container align-self-center py-5 my-5\">\n<h2 class=\"pb-5 titulor\">Edivolt Gastos es invertir en resultados<\/h2>\n<div class=\"row\">\n<div class=\"py-3 col-sm-12 col-md-6 col-lg-6 col-xl-6\">\n<div class=\"media\">\n<div class=\"media-left media-top mr-4\"><img decoding=\"async\" class=\"media-object wid\" title=\"Rentable\" src=\"https:\/\/edivolt.com\/es-mx\/wp-content\/themes\/edivolt21\/images\/empresas\/inve4.png\" alt=\"Moneda\"\/><\/div>\n<div class=\"media-body\">\n<h3 class=\"invr\">Rentable<\/h3>\nExcelente relaci\u00f3n costo-beneficio\nque produce ahorros.\n\n<\/div>\n<\/div>\n<\/div>\n<div class=\"py-3 col-sm-12 col-md-6 col-lg-6 col-xl-6\">\n<div class=\"media\">\n<div class=\"media-left media-top mr-4\"><img decoding=\"async\" class=\"media-object wid\" title=\"Robusto\" src=\"https:\/\/edivolt.com\/es-mx\/wp-content\/themes\/edivolt21\/images\/empresas\/inve1.png\" alt=\"Mapa de sitio\"\/><\/div>\n<div class=\"media-body\">\n<h3 class=\"invr\">Robusto<\/h3>\nCreado para soportar miles\nde procesos simult\u00e1neos.\n\n<\/div>\n<\/div>\n<\/div>\n<\/div>\n<div class=\"row\">\n<div class=\"py-3 col-sm-12 col-md-6 col-lg-6 col-xl-6\">\n<div class=\"media\">\n<div class=\"media-left media-top mr-4\"><img decoding=\"async\" class=\"media-object wid\" title=\"Seguro\" src=\"https:\/\/edivolt.com\/es-mx\/wp-content\/themes\/edivolt21\/images\/empresas\/inve3.png\" alt=\"Escudo\"\/><\/div>\n<div class=\"media-body\">\n<h3 class=\"invr\">Seguro<\/h3>\nControl de acceso, respaldo y\nprotecci\u00f3n a la informaci\u00f3n.\n\n<\/div>\n<\/div>\n<\/div>\n<div class=\"py-3 col-sm-12 col-md-6 col-lg-6 col-xl-6\">\n<div class=\"media\">\n<div class=\"media-left media-top mr-4\"><img decoding=\"async\" class=\"media-object wid\" title=\"Soporte y mantenimiento\" src=\"https:\/\/edivolt.com\/es-mx\/wp-content\/themes\/edivolt21\/images\/empresas\/inve2.png\" alt=\"Soporte y mantenimiento\"\/><\/div>\n<div class=\"media-body\">\n<h3 class=\"invr\">Soporte y mantenimiento<\/h3>\nActualizaciones y asistencia a\ntodos los usuarios.\n\n<\/div>\n<\/div>\n<\/div>\n<\/div>\n<\/div>\n<!-- Obtenga una demostraci\u00f3n -->\n<!-- Obtenga una demostraci\u00f3n -->\n<div class=\"container-fluid fondod\" id=\"demo\">\n<div class=\"container\">\n<div class=\"row py-5 t-5\">\n<div class=\"col-12 col-sm-7 col-md-8 col-lg-7 col-xl-7\">\n<h3 class=\"pt-5 text-white\">\u00bfTe gustar\u00eda ver Edivolt en acci\u00f3n?<\/h3>\n<p class=\"text-white\">Solicita m\u00e1s informaci\u00f3n y \u00a1dile adi\u00f3s a los reportes de gastos en papel!<\/p>\n\n<\/div>\n<div id=\"llamenos\" class=\"col-12 col-lg-1 col-xl-1\"><\/div>\n<div class=\"col-12 col-sm-5 col-md-4 col-lg-4 col-xl-4 align-self-center\">\n                    <button class=\"estilobtnmod my-2 my-sm-0 text-white\" type=\"button\" data-toggle=\"modal\" data-target=\"#mymodal\">Solicita un demo <i class=\"fas fa-angle-right\"><\/i>\n<\/button><\/div>\n<\/div>\n<\/div>\n<\/div>","protected":false},"excerpt":{"rendered":"Edivolt Gastos Obt\u00e9n visibilidad y asegura el cumplimiento de tus pol\u00edticas corporativas Toma el control de tus gastos con la soluci\u00f3n m\u00e1s completa del mercado \u00a1Hazlo r\u00e1pido! Obt\u00e9n tus reportes de gastos de una manera \u00f3ptima y f\u00e1cil reduciendo tus tiempos de trabajo. \u00a1Hazlo deducible! Logra una mejor rentabilidad de tu empresa asegurando la deducibilidad [&hellip;]","protected":false},"author":1,"featured_media":0,"parent":0,"menu_order":0,"comment_status":"closed","ping_status":"closed","template":"","meta":{"footnotes":""},"class_list":["post-10","page","type-page","status-publish","hentry"],"_links":{"self":[{"href":"http:\/\/edivolt.com\/es\/wp-json\/wp\/v2\/pages\/10","targetHints":{"allow":["GET"]}}],"collection":[{"href":"http:\/\/edivolt.com\/es\/wp-json\/wp\/v2\/pages"}],"about":[{"href":"http:\/\/edivolt.com\/es\/wp-json\/wp\/v2\/types\/page"}],"author":[{"embeddable":true,"href":"http:\/\/edivolt.com\/es\/wp-json\/wp\/v2\/users\/1"}],"replies":[{"embeddable":true,"href":"http:\/\/edivolt.com\/es\/wp-json\/wp\/v2\/comments?post=10"}],"version-history":[{"count":9,"href":"http:\/\/edivolt.com\/es\/wp-json\/wp\/v2\/pages\/10\/revisions"}],"predecessor-version":[{"id":166,"href":"http:\/\/edivolt.com\/es\/wp-json\/wp\/v2\/pages\/10\/revisions\/166"}],"wp:attachment":[{"href":"http:\/\/edivolt.com\/es\/wp-json\/wp\/v2\/media?parent=10"}],"curies":[{"name":"wp","href":"https:\/\/api.w.org\/{rel}","templated":true}]}}